{"id":39442,"date":"2022-12-13T15:47:02","date_gmt":"2022-12-13T14:47:02","guid":{"rendered":"https:\/\/nurel.com\/products-nurel-synthetic-fibers\/functional-nurel-synthetic-fibers\/"},"modified":"2026-04-14T18:47:42","modified_gmt":"2026-04-14T16:47:42","slug":"technical-fibers","status":"publish","type":"page","link":"https:\/\/nurel.com\/en\/fibers-division\/products\/technical-fibers\/","title":{"rendered":"Technical fibers"},"content":{"rendered":"\t\t<div data-elementor-type=\"wp-post\" data-elementor-id=\"39442\" class=\"elementor elementor-39442 elementor-15846\" data-elementor-post-type=\"page\">\n\t\t\t\t\t\t<section class=\"elementor-section elementor-top-section elementor-element elementor-element-ceb8cc2 elementor-section-full_width elementor-section-content-middle elementor-section-height-default elementor-section-height-default\" data-id=\"ceb8cc2\" data-element_type=\"section\" data-e-type=\"section\" data-settings=\"{&quot;background_background&quot;:&quot;classic&quot;}\">\n\t\t\t\t\t\t\t<div class=\"elementor-background-overlay\"><\/div>\n\t\t\t\t\t\t\t<div class=\"elementor-container elementor-column-gap-no\">\n\t\t\t\t\t<div class=\"elementor-column elementor-col-50 elementor-top-column elementor-element elementor-element-aef12f9\" data-id=\"aef12f9\" data-element_type=\"column\" data-e-type=\"column\">\n\t\t\t<div class=\"elementor-widget-wrap elementor-element-populated\">\n\t\t\t\t\t\t<div class=\"elementor-element elementor-element-a320838 elementor-widget elementor-widget-image-box\" data-id=\"a320838\" data-element_type=\"widget\" data-e-type=\"widget\" data-widget_type=\"image-box.default\">\n\t\t\t\t\t<div class=\"elementor-image-box-wrapper\"><div class=\"elementor-image-box-content\"><h1 class=\"elementor-image-box-title\">Functional<\/h1><p class=\"elementor-image-box-description\">The new range of NERIDE and XTRA-ACTIVE functional products includes different innovative solutions in nylon 6.\nThrough Innovation and Development, NERIDE and XTRA-ACTIVE products aim to provide NYLON 6 yarns with new properties.\n<\/p><\/div><\/div>\t\t\t\t<\/div>\n\t\t\t\t<div class=\"elementor-element elementor-element-ec80d3c elementor-widget elementor-widget-button\" data-id=\"ec80d3c\" data-element_type=\"widget\" data-e-type=\"widget\" data-widget_type=\"button.default\">\n\t\t\t\t\t\t\t\t\t\t<a class=\"elementor-button elementor-button-link elementor-size-sm\" href=\"https:\/\/nurel.com\/en\/fibers-division\/download-technical-yarns-catalogue\/\">\n\t\t\t\t\t\t<span class=\"elementor-button-content-wrapper\">\n\t\t\t\t\t\t\t\t\t<span class=\"elementor-button-text\">Download catalogue<\/span>\n\t\t\t\t\t<\/span>\n\t\t\t\t\t<\/a>\n\t\t\t\t\t\t\t\t<\/div>\n\t\t\t\t\t<\/div>\n\t\t<\/div>\n\t\t\t\t<div class=\"elementor-column elementor-col-50 elementor-top-column elementor-element elementor-element-d8f9ef2\" data-id=\"d8f9ef2\" data-element_type=\"column\" data-e-type=\"column\">\n\t\t\t<div class=\"elementor-widget-wrap\">\n\t\t\t\t\t\t\t<\/div>\n\t\t<\/div>\n\t\t\t\t\t<\/div>\n\t\t<\/section>\n\t\t\t\t<section class=\"elementor-section elementor-top-section elementor-element elementor-element-d608071 elementor-section-full_width elementor-section-content-middle elementor-section-height-default elementor-section-height-default\" data-id=\"d608071\" data-element_type=\"section\" data-e-type=\"section\" data-settings=\"{&quot;background_background&quot;:&quot;classic&quot;}\">\n\t\t\t\t\t\t<div class=\"elementor-container elementor-column-gap-wider\">\n\t\t\t\t\t<div class=\"elementor-column elementor-col-50 elementor-top-column elementor-element elementor-element-fb63fe9\" data-id=\"fb63fe9\" data-element_type=\"column\" data-e-type=\"column\">\n\t\t\t<div class=\"elementor-widget-wrap elementor-element-populated\">\n\t\t\t\t\t\t<div class=\"elementor-element elementor-element-18c32c1 elementor-widget elementor-widget-heading\" data-id=\"18c32c1\" data-element_type=\"widget\" data-e-type=\"widget\" data-widget_type=\"heading.default\">\n\t\t\t\t\t<h2 class=\"elementor-heading-title elementor-size-default\">THE FUTURE OF TEXTILES LIES IN INNOVATION<\/h2>\t\t\t\t<\/div>\n\t\t\t\t<div class=\"elementor-element elementor-element-27d3510 elementor-widget elementor-widget-text-editor\" data-id=\"27d3510\" data-element_type=\"widget\" data-e-type=\"widget\" data-widget_type=\"text-editor.default\">\n\t\t\t\t\t\t\t\t\t<p>NUREL has a R&amp;D&amp;I department specialized in the development of nylon fibers that is constantly proposing new ideas and new products according to market trends and needs.<\/p><p>The NERIDE and XTRA-ACTIVE ranges currently offer properties added to nylon that broaden its functionality, opening up a new range of applications.<\/p><p>We are working on new solutions to make nylon a fiber of the future.<\/p>\t\t\t\t\t\t\t\t<\/div>\n\t\t\t\t<div class=\"elementor-element elementor-element-a94e973 elementor-tablet-align-center elementor-widget elementor-widget-button\" data-id=\"a94e973\" data-element_type=\"widget\" data-e-type=\"widget\" data-widget_type=\"button.default\">\n\t\t\t\t\t\t\t\t\t\t<a class=\"elementor-button elementor-button-link elementor-size-sm\" href=\"https:\/\/nurel.com\/en\/fibers-division\/contact\/\">\n\t\t\t\t\t\t<span class=\"elementor-button-content-wrapper\">\n\t\t\t\t\t\t\t\t\t<span class=\"elementor-button-text\">Request information<\/span>\n\t\t\t\t\t<\/span>\n\t\t\t\t\t<\/a>\n\t\t\t\t\t\t\t\t<\/div>\n\t\t\t\t\t<\/div>\n\t\t<\/div>\n\t\t\t\t<div class=\"elementor-column elementor-col-50 elementor-top-column elementor-element elementor-element-0f0d36d\" data-id=\"0f0d36d\" data-element_type=\"column\" data-e-type=\"column\">\n\t\t\t<div class=\"elementor-widget-wrap elementor-element-populated\">\n\t\t\t\t\t\t<div class=\"elementor-element elementor-element-534e87e elementor-invisible elementor-widget elementor-widget-image\" data-id=\"534e87e\" data-element_type=\"widget\" data-e-type=\"widget\" data-settings=\"{&quot;_animation&quot;:&quot;fadeInUp&quot;}\" data-widget_type=\"image.default\">\n\t\t\t\t\t\t\t\t\t\t\t\t\t\t\t<img fetchpriority=\"high\" decoding=\"async\" width=\"600\" height=\"703\" src=\"https:\/\/nurel.com\/wp-content\/uploads\/2022\/11\/Group-205-4-600x703.png\" class=\"attachment-woocommerce_single size-woocommerce_single wp-image-38672\" alt=\"NERDIDE offers nylon fibers with flame retardant properties, FIR nylon and biodegradable nylon.\" srcset=\"https:\/\/nurel.com\/wp-content\/uploads\/2022\/11\/Group-205-4-600x703.png 600w, https:\/\/nurel.com\/wp-content\/uploads\/2022\/11\/Group-205-4-256x300.png 256w, https:\/\/nurel.com\/wp-content\/uploads\/2022\/11\/Group-205-4-874x1024.png 874w, https:\/\/nurel.com\/wp-content\/uploads\/2022\/11\/Group-205-4-768x900.png 768w, https:\/\/nurel.com\/wp-content\/uploads\/2022\/11\/Group-205-4-1311x1536.png 1311w, https:\/\/nurel.com\/wp-content\/uploads\/2022\/11\/Group-205-4-1748x2048.png 1748w\" sizes=\"(max-width: 600px) 100vw, 600px\" \/>\t\t\t\t\t\t\t\t\t\t\t\t\t\t\t<\/div>\n\t\t\t\t\t<\/div>\n\t\t<\/div>\n\t\t\t\t\t<\/div>\n\t\t<\/section>\n\t\t\t\t<section class=\"elementor-section elementor-top-section elementor-element elementor-element-64d24ec elementor-section-content-space-around elementor-section-full_width elementor-section-height-default elementor-section-height-default\" data-id=\"64d24ec\" data-element_type=\"section\" data-e-type=\"section\" data-settings=\"{&quot;background_background&quot;:&quot;classic&quot;}\">\n\t\t\t\t\t\t<div class=\"elementor-container elementor-column-gap-no\">\n\t\t\t\t\t<div class=\"elementor-column elementor-col-50 elementor-top-column elementor-element elementor-element-6ba0007\" data-id=\"6ba0007\" data-element_type=\"column\" data-e-type=\"column\" data-settings=\"{&quot;background_background&quot;:&quot;classic&quot;}\">\n\t\t\t<div class=\"elementor-widget-wrap elementor-element-populated\">\n\t\t\t\t\t\t<div class=\"elementor-element elementor-element-25caae5 elementor-widget elementor-widget-heading\" data-id=\"25caae5\" data-element_type=\"widget\" data-e-type=\"widget\" data-widget_type=\"heading.default\">\n\t\t\t\t\t<h2 class=\"elementor-heading-title elementor-size-default\">Want to stay updated on the latest on NUREL Synthetic Fibers?<\/h2>\t\t\t\t<\/div>\n\t\t\t\t<div class=\"elementor-element elementor-element-d5c5173 elementor-widget elementor-widget-heading\" data-id=\"d5c5173\" data-element_type=\"widget\" data-e-type=\"widget\" data-widget_type=\"heading.default\">\n\t\t\t\t\t<h2 class=\"elementor-heading-title elementor-size-default\">SUBSCRIBE TO OUR NEWSLETTER<\/h2>\t\t\t\t<\/div>\n\t\t\t\t\t<\/div>\n\t\t<\/div>\n\t\t\t\t<div class=\"elementor-column elementor-col-50 elementor-top-column elementor-element elementor-element-8a6bcef\" data-id=\"8a6bcef\" data-element_type=\"column\" data-e-type=\"column\" data-settings=\"{&quot;background_background&quot;:&quot;classic&quot;}\">\n\t\t\t<div class=\"elementor-widget-wrap elementor-element-populated\">\n\t\t\t\t\t\t<div class=\"elementor-element elementor-element-a3c7d3f elementor-align-center elementor-widget elementor-widget-button\" data-id=\"a3c7d3f\" data-element_type=\"widget\" data-e-type=\"widget\" data-widget_type=\"button.default\">\n\t\t\t\t\t\t\t\t\t\t<a class=\"elementor-button elementor-button-link elementor-size-lg\" href=\"https:\/\/nurel.com\/en\/fibers-division\/contact\/newsletter\/\">\n\t\t\t\t\t\t<span class=\"elementor-button-content-wrapper\">\n\t\t\t\t\t\t<span class=\"elementor-button-icon\">\n\t\t\t\t<svg aria-hidden=\"true\" class=\"e-font-icon-svg e-fas-arrow-right\" viewBox=\"0 0 448 512\" xmlns=\"http:\/\/www.w3.org\/2000\/svg\"><path d=\"M190.5 66.9l22.2-22.2c9.4-9.4 24.6-9.4 33.9 0L441 239c9.4 9.4 9.4 24.6 0 33.9L246.6 467.3c-9.4 9.4-24.6 9.4-33.9 0l-22.2-22.2c-9.5-9.5-9.3-25 .4-34.3L311.4 296H24c-13.3 0-24-10.7-24-24v-32c0-13.3 10.7-24 24-24h287.4L190.9 101.2c-9.8-9.3-10-24.8-.4-34.3z\"><\/path><\/svg>\t\t\t<\/span>\n\t\t\t\t\t\t\t\t\t<span class=\"elementor-button-text\">SUBSCRIBE<\/span>\n\t\t\t\t\t<\/span>\n\t\t\t\t\t<\/a>\n\t\t\t\t\t\t\t\t<\/div>\n\t\t\t\t\t<\/div>\n\t\t<\/div>\n\t\t\t\t\t<\/div>\n\t\t<\/section>\n\t\t\t\t<\/div>\n\t\t","protected":false},"excerpt":{"rendered":"<p>Functional The new range of NERIDE and XTRA-ACTIVE functional products includes different innovative solutions in nylon 6. Through Innovation and Development, NERIDE and XTRA-ACTIVE products aim to provide NYLON 6 yarns with new properties. Download catalogue THE FUTURE OF TEXTILES LIES IN INNOVATION NUREL has a R&amp;D&amp;I department specialized in the development of nylon fibers [&hellip;]<\/p>\n","protected":false},"author":1,"featured_media":38672,"parent":39392,"menu_order":0,"comment_status":"closed","ping_status":"closed","template":"","meta":{"site-sidebar-layout":"no-sidebar","site-content-layout":"page-builder","ast-site-content-layout":"full-width-container","site-content-style":"unboxed","site-sidebar-style":"unboxed","ast-global-header-display":"","ast-banner-title-visibility":"","ast-main-header-display":"","ast-hfb-above-header-display":"","ast-hfb-below-header-display":"","ast-hfb-mobile-header-display":"","site-post-title":"disabled","ast-breadcrumbs-content":"","ast-featured-img":"disabled","footer-sml-layout":"","ast-disable-related-posts":"","theme-transparent-header-meta":"enabled","adv-header-id-meta":"631","stick-header-meta":"","header-above-stick-meta":"","header-main-stick-meta":"","header-below-stick-meta":"","astra-migrate-meta-layouts":"set","ast-page-background-enabled":"default","ast-page-background-meta":{"desktop":{"background-color":"","background-image":"","background-repeat":"repeat","background-position":"center center","background-size":"auto","background-attachment":"scroll","background-type":"","background-media":"","overlay-type":"","overlay-color":"","overlay-opacity":"","overlay-gradient":""},"tablet":{"background-color":"","background-image":"","background-repeat":"repeat","background-position":"center center","background-size":"auto","background-attachment":"scroll","background-type":"","background-media":"","overlay-type":"","overlay-color":"","overlay-opacity":"","overlay-gradient":""},"mobile":{"background-color":"","background-image":"","background-repeat":"repeat","background-position":"center center","background-size":"auto","background-attachment":"scroll","background-type":"","background-media":"","overlay-type":"","overlay-color":"","overlay-opacity":"","overlay-gradient":""}},"ast-content-background-meta":{"desktop":{"background-color":"var(--ast-global-color-5)","background-image":"","background-repeat":"repeat","background-position":"center center","background-size":"auto","background-attachment":"scroll","background-type":"","background-media":"","overlay-type":"","overlay-color":"","overlay-opacity":"","overlay-gradient":""},"tablet":{"background-color":"var(--ast-global-color-5)","background-image":"","background-repeat":"repeat","background-position":"center center","background-size":"auto","background-attachment":"scroll","background-type":"","background-media":"","overlay-type":"","overlay-color":"","overlay-opacity":"","overlay-gradient":""},"mobile":{"background-color":"var(--ast-global-color-5)","background-image":"","background-repeat":"repeat","background-position":"center center","background-size":"auto","background-attachment":"scroll","background-type":"","background-media":"","overlay-type":"","overlay-color":"","overlay-opacity":"","overlay-gradient":""}},"footnotes":""},"class_list":["post-39442","page","type-page","status-publish","has-post-thumbnail","hentry"],"yoast_head":"<!-- This site is optimized with the Yoast SEO plugin v27.6 - https:\/\/yoast.com\/product\/yoast-seo-wordpress\/ -->\n<title>Technical fibers - NUREL<\/title>\n<meta name=\"description\" content=\"At NUREL Fibers, under the NERIDE and XTRA-ACTIVE brands, we offer a range of nylon with technical properties, thereby expanding its functionality\" \/>\n<meta name=\"robots\" content=\"index, follow, max-snippet:-1, max-image-preview:large, max-video-preview:-1\" \/>\n<link rel=\"canonical\" href=\"https:\/\/nurel.com\/en\/fibers-division\/products\/technical-fibers\/\" \/>\n<meta property=\"og:locale\" content=\"en_US\" \/>\n<meta property=\"og:type\" content=\"article\" \/>\n<meta property=\"og:title\" content=\"Technical fibers - NUREL\" \/>\n<meta property=\"og:description\" content=\"At NUREL Fibers, under the NERIDE and XTRA-ACTIVE brands, we offer a range of nylon with technical properties, thereby expanding its functionality\" \/>\n<meta property=\"og:url\" content=\"https:\/\/nurel.com\/en\/fibers-division\/products\/technical-fibers\/\" \/>\n<meta property=\"og:site_name\" content=\"NUREL\" \/>\n<meta property=\"article:publisher\" content=\"https:\/\/www.facebook.com\/nurelpolymers\" \/>\n<meta property=\"article:modified_time\" content=\"2026-04-14T16:47:42+00:00\" \/>\n<meta property=\"og:image\" content=\"https:\/\/nurel.com\/wp-content\/uploads\/2022\/11\/Group-205-4.png\" \/>\n\t<meta property=\"og:image:width\" content=\"2554\" \/>\n\t<meta property=\"og:image:height\" content=\"2993\" \/>\n\t<meta property=\"og:image:type\" content=\"image\/png\" \/>\n<meta name=\"twitter:card\" content=\"summary_large_image\" \/>\n<meta name=\"twitter:label1\" content=\"Est. reading time\" \/>\n\t<meta name=\"twitter:data1\" content=\"1 minute\" \/>\n<script type=\"application\/ld+json\" class=\"yoast-schema-graph\">{\"@context\":\"https:\\\/\\\/schema.org\",\"@graph\":[{\"@type\":\"WebPage\",\"@id\":\"https:\\\/\\\/nurel.com\\\/en\\\/fibers-division\\\/products\\\/technical-fibers\\\/\",\"url\":\"https:\\\/\\\/nurel.com\\\/en\\\/fibers-division\\\/products\\\/technical-fibers\\\/\",\"name\":\"Technical fibers - NUREL\",\"isPartOf\":{\"@id\":\"https:\\\/\\\/nurel.com\\\/en\\\/#website\"},\"primaryImageOfPage\":{\"@id\":\"https:\\\/\\\/nurel.com\\\/en\\\/fibers-division\\\/products\\\/technical-fibers\\\/#primaryimage\"},\"image\":{\"@id\":\"https:\\\/\\\/nurel.com\\\/en\\\/fibers-division\\\/products\\\/technical-fibers\\\/#primaryimage\"},\"thumbnailUrl\":\"https:\\\/\\\/nurel.com\\\/wp-content\\\/uploads\\\/2022\\\/11\\\/Group-205-4.png\",\"datePublished\":\"2022-12-13T14:47:02+00:00\",\"dateModified\":\"2026-04-14T16:47:42+00:00\",\"description\":\"At NUREL Fibers, under the NERIDE and XTRA-ACTIVE brands, we offer a range of nylon with technical properties, thereby expanding its functionality\",\"breadcrumb\":{\"@id\":\"https:\\\/\\\/nurel.com\\\/en\\\/fibers-division\\\/products\\\/technical-fibers\\\/#breadcrumb\"},\"inLanguage\":\"en-US\",\"potentialAction\":[{\"@type\":\"ReadAction\",\"target\":[\"https:\\\/\\\/nurel.com\\\/en\\\/fibers-division\\\/products\\\/technical-fibers\\\/\"]}]},{\"@type\":\"ImageObject\",\"inLanguage\":\"en-US\",\"@id\":\"https:\\\/\\\/nurel.com\\\/en\\\/fibers-division\\\/products\\\/technical-fibers\\\/#primaryimage\",\"url\":\"https:\\\/\\\/nurel.com\\\/wp-content\\\/uploads\\\/2022\\\/11\\\/Group-205-4.png\",\"contentUrl\":\"https:\\\/\\\/nurel.com\\\/wp-content\\\/uploads\\\/2022\\\/11\\\/Group-205-4.png\",\"width\":2554,\"height\":2993,\"caption\":\"NERDIDE offers nylon fibers with flame retardant properties, FIR nylon and biodegradable nylon.\"},{\"@type\":\"BreadcrumbList\",\"@id\":\"https:\\\/\\\/nurel.com\\\/en\\\/fibers-division\\\/products\\\/technical-fibers\\\/#breadcrumb\",\"itemListElement\":[{\"@type\":\"ListItem\",\"position\":1,\"name\":\"HOME\",\"item\":\"https:\\\/\\\/nurel.com\\\/en\\\/\"},{\"@type\":\"ListItem\",\"position\":2,\"name\":\"FIBERS DIVISION\",\"item\":\"https:\\\/\\\/nurel.com\\\/en\\\/division-fibras\\\/\"},{\"@type\":\"ListItem\",\"position\":3,\"name\":\"Products\",\"item\":\"https:\\\/\\\/nurel.com\\\/en\\\/fibers-division\\\/products\\\/\"},{\"@type\":\"ListItem\",\"position\":4,\"name\":\"Technical fibers\"}]},{\"@type\":\"WebSite\",\"@id\":\"https:\\\/\\\/nurel.com\\\/en\\\/#website\",\"url\":\"https:\\\/\\\/nurel.com\\\/en\\\/\",\"name\":\"NUREL\",\"description\":\"Pasi\u00f3n por innovar, 50 a\u00f1os de experiencia en producci\u00f3n de fibra y pol\u00edmeros. Innovaci\u00f3n en poliamidas y biopol\u00edmeros con tecnolog\u00eda de \u00faltima generaci\u00f3n.\",\"publisher\":{\"@id\":\"https:\\\/\\\/nurel.com\\\/en\\\/#organization\"},\"potentialAction\":[{\"@type\":\"SearchAction\",\"target\":{\"@type\":\"EntryPoint\",\"urlTemplate\":\"https:\\\/\\\/nurel.com\\\/en\\\/?s={search_term_string}\"},\"query-input\":{\"@type\":\"PropertyValueSpecification\",\"valueRequired\":true,\"valueName\":\"search_term_string\"}}],\"inLanguage\":\"en-US\"},{\"@type\":\"Organization\",\"@id\":\"https:\\\/\\\/nurel.com\\\/en\\\/#organization\",\"name\":\"NUREL\",\"url\":\"https:\\\/\\\/nurel.com\\\/en\\\/\",\"logo\":{\"@type\":\"ImageObject\",\"inLanguage\":\"en-US\",\"@id\":\"https:\\\/\\\/nurel.com\\\/en\\\/#\\\/schema\\\/logo\\\/image\\\/\",\"url\":\"https:\\\/\\\/nurel.com\\\/wp-content\\\/uploads\\\/2021\\\/04\\\/nurel-logo.png\",\"contentUrl\":\"https:\\\/\\\/nurel.com\\\/wp-content\\\/uploads\\\/2021\\\/04\\\/nurel-logo.png\",\"width\":350,\"height\":120,\"caption\":\"NUREL\"},\"image\":{\"@id\":\"https:\\\/\\\/nurel.com\\\/en\\\/#\\\/schema\\\/logo\\\/image\\\/\"},\"sameAs\":[\"https:\\\/\\\/www.facebook.com\\\/nurelpolymers\",\"https:\\\/\\\/www.linkedin.com\\\/company\\\/nurel-company\\\/\",\"https:\\\/\\\/www.youtube.com\\\/channel\\\/UCZl9I2kX8l7CYtfI29bxmeg\"]}]}<\/script>\n<!-- \/ Yoast SEO plugin. -->","yoast_head_json":{"title":"Technical fibers - NUREL","description":"At NUREL Fibers, under the NERIDE and XTRA-ACTIVE brands, we offer a range of nylon with technical properties, thereby expanding its functionality","robots":{"index":"index","follow":"follow","max-snippet":"max-snippet:-1","max-image-preview":"max-image-preview:large","max-video-preview":"max-video-preview:-1"},"canonical":"https:\/\/nurel.com\/en\/fibers-division\/products\/technical-fibers\/","og_locale":"en_US","og_type":"article","og_title":"Technical fibers - NUREL","og_description":"At NUREL Fibers, under the NERIDE and XTRA-ACTIVE brands, we offer a range of nylon with technical properties, thereby expanding its functionality","og_url":"https:\/\/nurel.com\/en\/fibers-division\/products\/technical-fibers\/","og_site_name":"NUREL","article_publisher":"https:\/\/www.facebook.com\/nurelpolymers","article_modified_time":"2026-04-14T16:47:42+00:00","og_image":[{"width":2554,"height":2993,"url":"https:\/\/nurel.com\/wp-content\/uploads\/2022\/11\/Group-205-4.png","type":"image\/png"}],"twitter_card":"summary_large_image","twitter_misc":{"Est. reading time":"1 minute"},"schema":{"@context":"https:\/\/schema.org","@graph":[{"@type":"WebPage","@id":"https:\/\/nurel.com\/en\/fibers-division\/products\/technical-fibers\/","url":"https:\/\/nurel.com\/en\/fibers-division\/products\/technical-fibers\/","name":"Technical fibers - NUREL","isPartOf":{"@id":"https:\/\/nurel.com\/en\/#website"},"primaryImageOfPage":{"@id":"https:\/\/nurel.com\/en\/fibers-division\/products\/technical-fibers\/#primaryimage"},"image":{"@id":"https:\/\/nurel.com\/en\/fibers-division\/products\/technical-fibers\/#primaryimage"},"thumbnailUrl":"https:\/\/nurel.com\/wp-content\/uploads\/2022\/11\/Group-205-4.png","datePublished":"2022-12-13T14:47:02+00:00","dateModified":"2026-04-14T16:47:42+00:00","description":"At NUREL Fibers, under the NERIDE and XTRA-ACTIVE brands, we offer a range of nylon with technical properties, thereby expanding its functionality","breadcrumb":{"@id":"https:\/\/nurel.com\/en\/fibers-division\/products\/technical-fibers\/#breadcrumb"},"inLanguage":"en-US","potentialAction":[{"@type":"ReadAction","target":["https:\/\/nurel.com\/en\/fibers-division\/products\/technical-fibers\/"]}]},{"@type":"ImageObject","inLanguage":"en-US","@id":"https:\/\/nurel.com\/en\/fibers-division\/products\/technical-fibers\/#primaryimage","url":"https:\/\/nurel.com\/wp-content\/uploads\/2022\/11\/Group-205-4.png","contentUrl":"https:\/\/nurel.com\/wp-content\/uploads\/2022\/11\/Group-205-4.png","width":2554,"height":2993,"caption":"NERDIDE offers nylon fibers with flame retardant properties, FIR nylon and biodegradable nylon."},{"@type":"BreadcrumbList","@id":"https:\/\/nurel.com\/en\/fibers-division\/products\/technical-fibers\/#breadcrumb","itemListElement":[{"@type":"ListItem","position":1,"name":"HOME","item":"https:\/\/nurel.com\/en\/"},{"@type":"ListItem","position":2,"name":"FIBERS DIVISION","item":"https:\/\/nurel.com\/en\/division-fibras\/"},{"@type":"ListItem","position":3,"name":"Products","item":"https:\/\/nurel.com\/en\/fibers-division\/products\/"},{"@type":"ListItem","position":4,"name":"Technical fibers"}]},{"@type":"WebSite","@id":"https:\/\/nurel.com\/en\/#website","url":"https:\/\/nurel.com\/en\/","name":"NUREL","description":"Pasi\u00f3n por innovar, 50 a\u00f1os de experiencia en producci\u00f3n de fibra y pol\u00edmeros. Innovaci\u00f3n en poliamidas y biopol\u00edmeros con tecnolog\u00eda de \u00faltima generaci\u00f3n.","publisher":{"@id":"https:\/\/nurel.com\/en\/#organization"},"potentialAction":[{"@type":"SearchAction","target":{"@type":"EntryPoint","urlTemplate":"https:\/\/nurel.com\/en\/?s={search_term_string}"},"query-input":{"@type":"PropertyValueSpecification","valueRequired":true,"valueName":"search_term_string"}}],"inLanguage":"en-US"},{"@type":"Organization","@id":"https:\/\/nurel.com\/en\/#organization","name":"NUREL","url":"https:\/\/nurel.com\/en\/","logo":{"@type":"ImageObject","inLanguage":"en-US","@id":"https:\/\/nurel.com\/en\/#\/schema\/logo\/image\/","url":"https:\/\/nurel.com\/wp-content\/uploads\/2021\/04\/nurel-logo.png","contentUrl":"https:\/\/nurel.com\/wp-content\/uploads\/2021\/04\/nurel-logo.png","width":350,"height":120,"caption":"NUREL"},"image":{"@id":"https:\/\/nurel.com\/en\/#\/schema\/logo\/image\/"},"sameAs":["https:\/\/www.facebook.com\/nurelpolymers","https:\/\/www.linkedin.com\/company\/nurel-company\/","https:\/\/www.youtube.com\/channel\/UCZl9I2kX8l7CYtfI29bxmeg"]}]}},"_links":{"self":[{"href":"https:\/\/nurel.com\/en\/wp-json\/wp\/v2\/pages\/39442","targetHints":{"allow":["GET"]}}],"collection":[{"href":"https:\/\/nurel.com\/en\/wp-json\/wp\/v2\/pages"}],"about":[{"href":"https:\/\/nurel.com\/en\/wp-json\/wp\/v2\/types\/page"}],"author":[{"embeddable":true,"href":"https:\/\/nurel.com\/en\/wp-json\/wp\/v2\/users\/1"}],"replies":[{"embeddable":true,"href":"https:\/\/nurel.com\/en\/wp-json\/wp\/v2\/comments?post=39442"}],"version-history":[{"count":0,"href":"https:\/\/nurel.com\/en\/wp-json\/wp\/v2\/pages\/39442\/revisions"}],"up":[{"embeddable":true,"href":"https:\/\/nurel.com\/en\/wp-json\/wp\/v2\/pages\/39392"}],"wp:featuredmedia":[{"embeddable":true,"href":"https:\/\/nurel.com\/en\/wp-json\/wp\/v2\/media\/38672"}],"wp:attachment":[{"href":"https:\/\/nurel.com\/en\/wp-json\/wp\/v2\/media?parent=39442"}],"curies":[{"name":"wp","href":"https:\/\/api.w.org\/{rel}","templated":true}]}}