{"id":39444,"date":"2022-12-13T15:48:59","date_gmt":"2022-12-13T14:48:59","guid":{"rendered":"https:\/\/nurel.com\/products-nurel-synthetic-fibers\/functional-nurel-synthetic-fibers\/flame-retardant-nurel-synthetic-fibers\/"},"modified":"2024-04-19T12:55:02","modified_gmt":"2024-04-19T10:55:02","slug":"flame-retardant","status":"publish","type":"page","link":"https:\/\/nurel.com\/en\/fibers-division\/products\/functional\/flame-retardant\/","title":{"rendered":"Flame Retardant | NUREL Synthetic Fibers"},"content":{"rendered":"\t\t<div data-elementor-type=\"wp-post\" data-elementor-id=\"39444\" class=\"elementor elementor-39444 elementor-15852\" data-elementor-post-type=\"page\">\n\t\t\t\t\t\t<section class=\"elementor-section elementor-top-section elementor-element elementor-element-ecf412f elementor-section-full_width elementor-section-content-middle elementor-section-height-default elementor-section-height-default\" data-id=\"ecf412f\" data-element_type=\"section\" data-e-type=\"section\" data-settings=\"{&quot;background_background&quot;:&quot;classic&quot;}\">\n\t\t\t\t\t\t\t<div class=\"elementor-background-overlay\"><\/div>\n\t\t\t\t\t\t\t<div class=\"elementor-container elementor-column-gap-no\">\n\t\t\t\t\t<div class=\"elementor-column elementor-col-50 elementor-top-column elementor-element elementor-element-a6a09fd\" data-id=\"a6a09fd\" data-element_type=\"column\" data-e-type=\"column\">\n\t\t\t<div class=\"elementor-widget-wrap elementor-element-populated\">\n\t\t\t\t\t\t<div class=\"elementor-element elementor-element-2b2d9a9 elementor-widget elementor-widget-image\" data-id=\"2b2d9a9\" data-element_type=\"widget\" data-e-type=\"widget\" data-widget_type=\"image.default\">\n\t\t\t\t\t\t\t\t\t\t\t\t\t\t\t<img decoding=\"async\" data-src=\"https:\/\/nurel.com\/wp-content\/uploads\/elementor\/thumbs\/logo_neride_flame_retardant-r76ydswsrlzp1ha46my3fq0dgt75l5435bdjvuewaq.png\" title=\"logo_neride_flame_retardant\" alt=\"logo_neride_flame_retardant\" src=\"data:image\/svg+xml;base64,PHN2ZyB3aWR0aD0iMSIgaGVpZ2h0PSIxIiB4bWxucz0iaHR0cDovL3d3dy53My5vcmcvMjAwMC9zdmciPjwvc3ZnPg==\" class=\"lazyload\" style=\"--smush-placeholder-width: 200px; --smush-placeholder-aspect-ratio: 200\/77;\" \/>\t\t\t\t\t\t\t\t\t\t\t\t\t\t\t<\/div>\n\t\t\t\t<div class=\"elementor-element elementor-element-103ab4b elementor-widget elementor-widget-image-box\" data-id=\"103ab4b\" data-element_type=\"widget\" data-e-type=\"widget\" data-widget_type=\"image-box.default\">\n\t\t\t\t\t<div class=\"elementor-image-box-wrapper\"><div class=\"elementor-image-box-content\"><h1 class=\"elementor-image-box-title\">Flame Retardant<\/h1><p class=\"elementor-image-box-description\"><h2 class=\"subtitle\">\nNERIDE FR is a nylon 6 fiber with flame retardant properties<\/h2><\/p><\/div><\/div>\t\t\t\t<\/div>\n\t\t\t\t<div class=\"elementor-element elementor-element-8c294a7 elementor-hidden-desktop elementor-hidden-tablet elementor-hidden-mobile elementor-widget elementor-widget-button\" data-id=\"8c294a7\" data-element_type=\"widget\" data-e-type=\"widget\" data-widget_type=\"button.default\">\n\t\t\t\t\t\t\t\t\t\t<a class=\"elementor-button elementor-button-link elementor-size-sm\" href=\"#\">\n\t\t\t\t\t\t<span class=\"elementor-button-content-wrapper\">\n\t\t\t\t\t\t\t\t\t<span class=\"elementor-button-text\">Download catalogue<\/span>\n\t\t\t\t\t<\/span>\n\t\t\t\t\t<\/a>\n\t\t\t\t\t\t\t\t<\/div>\n\t\t\t\t\t<\/div>\n\t\t<\/div>\n\t\t\t\t<div class=\"elementor-column elementor-col-50 elementor-top-column elementor-element elementor-element-47f685b\" data-id=\"47f685b\" data-element_type=\"column\" data-e-type=\"column\">\n\t\t\t<div class=\"elementor-widget-wrap\">\n\t\t\t\t\t\t\t<\/div>\n\t\t<\/div>\n\t\t\t\t\t<\/div>\n\t\t<\/section>\n\t\t\t\t<section class=\"elementor-section elementor-top-section elementor-element elementor-element-94a52a6 elementor-section-full_width elementor-section-content-middle elementor-section-height-default elementor-section-height-default\" data-id=\"94a52a6\" data-element_type=\"section\" data-e-type=\"section\" data-settings=\"{&quot;background_background&quot;:&quot;classic&quot;}\">\n\t\t\t\t\t\t<div class=\"elementor-container elementor-column-gap-wider\">\n\t\t\t\t\t<div class=\"elementor-column elementor-col-50 elementor-top-column elementor-element elementor-element-9e0d311\" data-id=\"9e0d311\" data-element_type=\"column\" data-e-type=\"column\">\n\t\t\t<div class=\"elementor-widget-wrap elementor-element-populated\">\n\t\t\t\t\t\t<div class=\"elementor-element elementor-element-22f3a46 elementor-widget elementor-widget-heading\" data-id=\"22f3a46\" data-element_type=\"widget\" data-e-type=\"widget\" data-widget_type=\"heading.default\">\n\t\t\t\t\t<h2 class=\"elementor-heading-title elementor-size-default\">Flame retardant fabrics with flame retardancy<\/h2>\t\t\t\t<\/div>\n\t\t\t\t<div class=\"elementor-element elementor-element-fa6d0f4 elementor-widget elementor-widget-text-editor\" data-id=\"fa6d0f4\" data-element_type=\"widget\" data-e-type=\"widget\" data-widget_type=\"text-editor.default\">\n\t\t\t\t\t\t\t\t\t<p><strong>NERIDE FR<\/strong> is a <strong>nylon 6 multifilament<\/strong> suitable for textile constructions without elastane in applications not in direct contact with the skin.<\/p><p><strong>NE<\/strong>RIDE FR has a LOI index of 34%.<\/p><p>Flame-retardant nylon is used in various textile applications to enhance fire safety. This includes <strong>protective clothing, military and sports apparel, home textiles,<\/strong> and it is also ideal for manufacturing <strong>automotive textiles or fastening systems.<\/strong><\/p>\t\t\t\t\t\t\t\t<\/div>\n\t\t\t\t<div class=\"elementor-element elementor-element-dd12371 elementor-tablet-align-center elementor-widget elementor-widget-button\" data-id=\"dd12371\" data-element_type=\"widget\" data-e-type=\"widget\" data-widget_type=\"button.default\">\n\t\t\t\t\t\t\t\t\t\t<a class=\"elementor-button elementor-button-link elementor-size-sm\" href=\"https:\/\/nurel.com\/en\/fibers-division\/contact\/\">\n\t\t\t\t\t\t<span class=\"elementor-button-content-wrapper\">\n\t\t\t\t\t\t\t\t\t<span class=\"elementor-button-text\">Request information<\/span>\n\t\t\t\t\t<\/span>\n\t\t\t\t\t<\/a>\n\t\t\t\t\t\t\t\t<\/div>\n\t\t\t\t\t<\/div>\n\t\t<\/div>\n\t\t\t\t<div class=\"elementor-column elementor-col-50 elementor-top-column elementor-element elementor-element-12f11c0\" data-id=\"12f11c0\" data-element_type=\"column\" data-e-type=\"column\">\n\t\t\t<div class=\"elementor-widget-wrap elementor-element-populated\">\n\t\t\t\t\t\t<div class=\"elementor-element elementor-element-aede58c elementor-invisible elementor-widget elementor-widget-image\" data-id=\"aede58c\" data-element_type=\"widget\" data-e-type=\"widget\" data-settings=\"{&quot;_animation&quot;:&quot;fadeInUp&quot;}\" data-widget_type=\"image.default\">\n\t\t\t\t\t\t\t\t\t\t\t\t\t\t\t<img fetchpriority=\"high\" decoding=\"async\" width=\"1024\" height=\"638\" src=\"https:\/\/nurel.com\/wp-content\/uploads\/2022\/07\/Group-206-2-1024x638.png\" class=\"attachment-large size-large wp-image-35980\" alt=\"Fabrics made from NERIDE FIR fibers provide flame retardant solutions and are suitable for constructions without elastane and without skin contact.\" srcset=\"https:\/\/nurel.com\/wp-content\/uploads\/2022\/07\/Group-206-2-1024x638.png 1024w, https:\/\/nurel.com\/wp-content\/uploads\/2022\/07\/Group-206-2-300x187.png 300w, https:\/\/nurel.com\/wp-content\/uploads\/2022\/07\/Group-206-2-768x478.png 768w, https:\/\/nurel.com\/wp-content\/uploads\/2022\/07\/Group-206-2-1536x957.png 1536w, https:\/\/nurel.com\/wp-content\/uploads\/2022\/07\/Group-206-2-2048x1275.png 2048w, https:\/\/nurel.com\/wp-content\/uploads\/2022\/07\/Group-206-2-600x374.png 600w\" sizes=\"(max-width: 1024px) 100vw, 1024px\" \/>\t\t\t\t\t\t\t\t\t\t\t\t\t\t\t<\/div>\n\t\t\t\t\t<\/div>\n\t\t<\/div>\n\t\t\t\t\t<\/div>\n\t\t<\/section>\n\t\t\t\t<section class=\"elementor-section elementor-top-section elementor-element elementor-element-3e35734 elementor-section-content-space-around elementor-section-full_width elementor-section-height-default elementor-section-height-default\" data-id=\"3e35734\" data-element_type=\"section\" data-e-type=\"section\" data-settings=\"{&quot;background_background&quot;:&quot;classic&quot;}\">\n\t\t\t\t\t\t<div class=\"elementor-container elementor-column-gap-no\">\n\t\t\t\t\t<div class=\"elementor-column elementor-col-50 elementor-top-column elementor-element elementor-element-712250c\" data-id=\"712250c\" data-element_type=\"column\" data-e-type=\"column\" data-settings=\"{&quot;background_background&quot;:&quot;classic&quot;}\">\n\t\t\t<div class=\"elementor-widget-wrap elementor-element-populated\">\n\t\t\t\t\t\t<div class=\"elementor-element elementor-element-9fa04fa elementor-widget elementor-widget-heading\" data-id=\"9fa04fa\" data-element_type=\"widget\" data-e-type=\"widget\" data-widget_type=\"heading.default\">\n\t\t\t\t\t<h3 class=\"elementor-heading-title elementor-size-default\">Want to stay updated on the latest on NUREL Synthetic Fibers?<\/h3>\t\t\t\t<\/div>\n\t\t\t\t<div class=\"elementor-element elementor-element-91e936f elementor-widget elementor-widget-heading\" data-id=\"91e936f\" data-element_type=\"widget\" data-e-type=\"widget\" data-widget_type=\"heading.default\">\n\t\t\t\t\t<h2 class=\"elementor-heading-title elementor-size-default\">SUBSCRIBE TO OUR NEWSLETTER<\/h2>\t\t\t\t<\/div>\n\t\t\t\t\t<\/div>\n\t\t<\/div>\n\t\t\t\t<div class=\"elementor-column elementor-col-50 elementor-top-column elementor-element elementor-element-03575a1\" data-id=\"03575a1\" data-element_type=\"column\" data-e-type=\"column\" data-settings=\"{&quot;background_background&quot;:&quot;classic&quot;}\">\n\t\t\t<div class=\"elementor-widget-wrap elementor-element-populated\">\n\t\t\t\t\t\t<div class=\"elementor-element elementor-element-d02b1a8 elementor-align-center elementor-widget elementor-widget-button\" data-id=\"d02b1a8\" data-element_type=\"widget\" data-e-type=\"widget\" data-widget_type=\"button.default\">\n\t\t\t\t\t\t\t\t\t\t<a class=\"elementor-button elementor-button-link elementor-size-lg\" href=\"https:\/\/nurel.com\/en\/fibers-division\/contact\/newsletter\/\">\n\t\t\t\t\t\t<span class=\"elementor-button-content-wrapper\">\n\t\t\t\t\t\t<span class=\"elementor-button-icon\">\n\t\t\t\t<svg aria-hidden=\"true\" class=\"e-font-icon-svg e-fas-arrow-right\" viewBox=\"0 0 448 512\" xmlns=\"http:\/\/www.w3.org\/2000\/svg\"><path d=\"M190.5 66.9l22.2-22.2c9.4-9.4 24.6-9.4 33.9 0L441 239c9.4 9.4 9.4 24.6 0 33.9L246.6 467.3c-9.4 9.4-24.6 9.4-33.9 0l-22.2-22.2c-9.5-9.5-9.3-25 .4-34.3L311.4 296H24c-13.3 0-24-10.7-24-24v-32c0-13.3 10.7-24 24-24h287.4L190.9 101.2c-9.8-9.3-10-24.8-.4-34.3z\"><\/path><\/svg>\t\t\t<\/span>\n\t\t\t\t\t\t\t\t\t<span class=\"elementor-button-text\">SUBSCRIBE<\/span>\n\t\t\t\t\t<\/span>\n\t\t\t\t\t<\/a>\n\t\t\t\t\t\t\t\t<\/div>\n\t\t\t\t\t<\/div>\n\t\t<\/div>\n\t\t\t\t\t<\/div>\n\t\t<\/section>\n\t\t\t\t<\/div>\n\t\t","protected":false},"excerpt":{"rendered":"<p>Flame Retardant NERIDE FR is a nylon 6 fiber with flame retardant properties Download catalogue Flame retardant fabrics with flame retardancy NERIDE FR is a nylon 6 multifilament suitable for textile constructions without elastane in applications not in direct contact with the skin. NERIDE FR has a LOI index of 34%. Flame-retardant nylon is used [&hellip;]<\/p>\n","protected":false},"author":1,"featured_media":35996,"parent":39442,"menu_order":0,"comment_status":"closed","ping_status":"closed","template":"","meta":{"site-sidebar-layout":"no-sidebar","site-content-layout":"page-builder","ast-site-content-layout":"full-width-container","site-content-style":"unboxed","site-sidebar-style":"unboxed","ast-global-header-display":"","ast-banner-title-visibility":"","ast-main-header-display":"","ast-hfb-above-header-display":"","ast-hfb-below-header-display":"","ast-hfb-mobile-header-display":"","site-post-title":"disabled","ast-breadcrumbs-content":"","ast-featured-img":"disabled","footer-sml-layout":"","ast-disable-related-posts":"","theme-transparent-header-meta":"enabled","adv-header-id-meta":"631","stick-header-meta":"","header-above-stick-meta":"","header-main-stick-meta":"","header-below-stick-meta":"","astra-migrate-meta-layouts":"set","ast-page-background-enabled":"default","ast-page-background-meta":{"desktop":{"background-color":"","background-image":"","background-repeat":"repeat","background-position":"center center","background-size":"auto","background-attachment":"scroll","background-type":"","background-media":"","overlay-type":"","overlay-color":"","overlay-opacity":"","overlay-gradient":""},"tablet":{"background-color":"","background-image":"","background-repeat":"repeat","background-position":"center center","background-size":"auto","background-attachment":"scroll","background-type":"","background-media":"","overlay-type":"","overlay-color":"","overlay-opacity":"","overlay-gradient":""},"mobile":{"background-color":"","background-image":"","background-repeat":"repeat","background-position":"center center","background-size":"auto","background-attachment":"scroll","background-type":"","background-media":"","overlay-type":"","overlay-color":"","overlay-opacity":"","overlay-gradient":""}},"ast-content-background-meta":{"desktop":{"background-color":"var(--ast-global-color-5)","background-image":"","background-repeat":"repeat","background-position":"center center","background-size":"auto","background-attachment":"scroll","background-type":"","background-media":"","overlay-type":"","overlay-color":"","overlay-opacity":"","overlay-gradient":""},"tablet":{"background-color":"var(--ast-global-color-5)","background-image":"","background-repeat":"repeat","background-position":"center center","background-size":"auto","background-attachment":"scroll","background-type":"","background-media":"","overlay-type":"","overlay-color":"","overlay-opacity":"","overlay-gradient":""},"mobile":{"background-color":"var(--ast-global-color-5)","background-image":"","background-repeat":"repeat","background-position":"center center","background-size":"auto","background-attachment":"scroll","background-type":"","background-media":"","overlay-type":"","overlay-color":"","overlay-opacity":"","overlay-gradient":""}},"footnotes":""},"class_list":["post-39444","page","type-page","status-publish","has-post-thumbnail","hentry"],"yoast_head":"<!-- This site is optimized with the Yoast SEO plugin v27.3 - https:\/\/yoast.com\/product\/yoast-seo-wordpress\/ -->\n<title>Flame Retardant | NUREL Synthetic Fibers - NUREL<\/title>\n<meta name=\"description\" content=\"NUREL Flame retardant nylon fibers are ideal for the manufacture of automotive covers or materials requiring flame retardancy.\" \/>\n<meta name=\"robots\" content=\"index, follow, max-snippet:-1, max-image-preview:large, max-video-preview:-1\" \/>\n<link rel=\"canonical\" href=\"https:\/\/nurel.com\/en\/fibers-division\/products\/functional\/flame-retardant\/\" \/>\n<meta property=\"og:locale\" content=\"en_US\" \/>\n<meta property=\"og:type\" content=\"article\" \/>\n<meta property=\"og:title\" content=\"Flame Retardant | NUREL Synthetic Fibers - NUREL\" \/>\n<meta property=\"og:description\" content=\"NUREL Flame retardant nylon fibers are ideal for the manufacture of automotive covers or materials requiring flame retardancy.\" \/>\n<meta property=\"og:url\" content=\"https:\/\/nurel.com\/en\/fibers-division\/products\/functional\/flame-retardant\/\" \/>\n<meta property=\"og:site_name\" content=\"NUREL\" \/>\n<meta property=\"article:publisher\" content=\"https:\/\/www.facebook.com\/nurelpolymers\" \/>\n<meta property=\"article:modified_time\" content=\"2024-04-19T10:55:02+00:00\" \/>\n<meta property=\"og:image\" content=\"https:\/\/nurel.com\/wp-content\/uploads\/2022\/07\/AAFF_LOGO_NERIDE_FR.png\" \/>\n\t<meta property=\"og:image:width\" content=\"1173\" \/>\n\t<meta property=\"og:image:height\" content=\"644\" \/>\n\t<meta property=\"og:image:type\" content=\"image\/png\" \/>\n<meta name=\"twitter:card\" content=\"summary_large_image\" \/>\n<meta name=\"twitter:label1\" content=\"Est. reading time\" \/>\n\t<meta name=\"twitter:data1\" content=\"1 minute\" \/>\n<script type=\"application\/ld+json\" class=\"yoast-schema-graph\">{\"@context\":\"https:\\\/\\\/schema.org\",\"@graph\":[{\"@type\":\"WebPage\",\"@id\":\"https:\\\/\\\/nurel.com\\\/en\\\/fibers-division\\\/products\\\/functional\\\/flame-retardant\\\/\",\"url\":\"https:\\\/\\\/nurel.com\\\/en\\\/fibers-division\\\/products\\\/functional\\\/flame-retardant\\\/\",\"name\":\"Flame Retardant | NUREL Synthetic Fibers - NUREL\",\"isPartOf\":{\"@id\":\"https:\\\/\\\/nurel.com\\\/en\\\/#website\"},\"primaryImageOfPage\":{\"@id\":\"https:\\\/\\\/nurel.com\\\/en\\\/fibers-division\\\/products\\\/functional\\\/flame-retardant\\\/#primaryimage\"},\"image\":{\"@id\":\"https:\\\/\\\/nurel.com\\\/en\\\/fibers-division\\\/products\\\/functional\\\/flame-retardant\\\/#primaryimage\"},\"thumbnailUrl\":\"https:\\\/\\\/nurel.com\\\/wp-content\\\/uploads\\\/2022\\\/07\\\/AAFF_LOGO_NERIDE_FR.png\",\"datePublished\":\"2022-12-13T14:48:59+00:00\",\"dateModified\":\"2024-04-19T10:55:02+00:00\",\"description\":\"NUREL Flame retardant nylon fibers are ideal for the manufacture of automotive covers or materials requiring flame retardancy.\",\"breadcrumb\":{\"@id\":\"https:\\\/\\\/nurel.com\\\/en\\\/fibers-division\\\/products\\\/functional\\\/flame-retardant\\\/#breadcrumb\"},\"inLanguage\":\"en-US\",\"potentialAction\":[{\"@type\":\"ReadAction\",\"target\":[\"https:\\\/\\\/nurel.com\\\/en\\\/fibers-division\\\/products\\\/functional\\\/flame-retardant\\\/\"]}]},{\"@type\":\"ImageObject\",\"inLanguage\":\"en-US\",\"@id\":\"https:\\\/\\\/nurel.com\\\/en\\\/fibers-division\\\/products\\\/functional\\\/flame-retardant\\\/#primaryimage\",\"url\":\"https:\\\/\\\/nurel.com\\\/wp-content\\\/uploads\\\/2022\\\/07\\\/AAFF_LOGO_NERIDE_FR.png\",\"contentUrl\":\"https:\\\/\\\/nurel.com\\\/wp-content\\\/uploads\\\/2022\\\/07\\\/AAFF_LOGO_NERIDE_FR.png\",\"width\":1173,\"height\":644},{\"@type\":\"BreadcrumbList\",\"@id\":\"https:\\\/\\\/nurel.com\\\/en\\\/fibers-division\\\/products\\\/functional\\\/flame-retardant\\\/#breadcrumb\",\"itemListElement\":[{\"@type\":\"ListItem\",\"position\":1,\"name\":\"HOME\",\"item\":\"https:\\\/\\\/nurel.com\\\/en\\\/\"},{\"@type\":\"ListItem\",\"position\":2,\"name\":\"FIBERS DIVISION\",\"item\":\"https:\\\/\\\/nurel.com\\\/en\\\/division-fibras\\\/\"},{\"@type\":\"ListItem\",\"position\":3,\"name\":\"Products\",\"item\":\"https:\\\/\\\/nurel.com\\\/en\\\/fibers-division\\\/products\\\/\"},{\"@type\":\"ListItem\",\"position\":4,\"name\":\"Functional | NUREL Synthetic Fibers\",\"item\":\"https:\\\/\\\/nurel.com\\\/en\\\/fibers-division\\\/products\\\/functional\\\/\"},{\"@type\":\"ListItem\",\"position\":5,\"name\":\"Flame Retardant | NUREL Synthetic Fibers\"}]},{\"@type\":\"WebSite\",\"@id\":\"https:\\\/\\\/nurel.com\\\/en\\\/#website\",\"url\":\"https:\\\/\\\/nurel.com\\\/en\\\/\",\"name\":\"NUREL\",\"description\":\"Pasi\u00f3n por innovar, 50 a\u00f1os de experiencia en producci\u00f3n de fibra y pol\u00edmeros. Innovaci\u00f3n en poliamidas y biopol\u00edmeros con tecnolog\u00eda de \u00faltima generaci\u00f3n.\",\"publisher\":{\"@id\":\"https:\\\/\\\/nurel.com\\\/en\\\/#organization\"},\"potentialAction\":[{\"@type\":\"SearchAction\",\"target\":{\"@type\":\"EntryPoint\",\"urlTemplate\":\"https:\\\/\\\/nurel.com\\\/en\\\/?s={search_term_string}\"},\"query-input\":{\"@type\":\"PropertyValueSpecification\",\"valueRequired\":true,\"valueName\":\"search_term_string\"}}],\"inLanguage\":\"en-US\"},{\"@type\":\"Organization\",\"@id\":\"https:\\\/\\\/nurel.com\\\/en\\\/#organization\",\"name\":\"NUREL\",\"url\":\"https:\\\/\\\/nurel.com\\\/en\\\/\",\"logo\":{\"@type\":\"ImageObject\",\"inLanguage\":\"en-US\",\"@id\":\"https:\\\/\\\/nurel.com\\\/en\\\/#\\\/schema\\\/logo\\\/image\\\/\",\"url\":\"https:\\\/\\\/nurel.com\\\/wp-content\\\/uploads\\\/2021\\\/04\\\/nurel-logo.png\",\"contentUrl\":\"https:\\\/\\\/nurel.com\\\/wp-content\\\/uploads\\\/2021\\\/04\\\/nurel-logo.png\",\"width\":350,\"height\":120,\"caption\":\"NUREL\"},\"image\":{\"@id\":\"https:\\\/\\\/nurel.com\\\/en\\\/#\\\/schema\\\/logo\\\/image\\\/\"},\"sameAs\":[\"https:\\\/\\\/www.facebook.com\\\/nurelpolymers\",\"https:\\\/\\\/www.linkedin.com\\\/company\\\/nurel-company\\\/\",\"https:\\\/\\\/www.youtube.com\\\/channel\\\/UCZl9I2kX8l7CYtfI29bxmeg\"]}]}<\/script>\n<!-- \/ Yoast SEO plugin. -->","yoast_head_json":{"title":"Flame Retardant | NUREL Synthetic Fibers - NUREL","description":"NUREL Flame retardant nylon fibers are ideal for the manufacture of automotive covers or materials requiring flame retardancy.","robots":{"index":"index","follow":"follow","max-snippet":"max-snippet:-1","max-image-preview":"max-image-preview:large","max-video-preview":"max-video-preview:-1"},"canonical":"https:\/\/nurel.com\/en\/fibers-division\/products\/functional\/flame-retardant\/","og_locale":"en_US","og_type":"article","og_title":"Flame Retardant | NUREL Synthetic Fibers - NUREL","og_description":"NUREL Flame retardant nylon fibers are ideal for the manufacture of automotive covers or materials requiring flame retardancy.","og_url":"https:\/\/nurel.com\/en\/fibers-division\/products\/functional\/flame-retardant\/","og_site_name":"NUREL","article_publisher":"https:\/\/www.facebook.com\/nurelpolymers","article_modified_time":"2024-04-19T10:55:02+00:00","og_image":[{"width":1173,"height":644,"url":"https:\/\/nurel.com\/wp-content\/uploads\/2022\/07\/AAFF_LOGO_NERIDE_FR.png","type":"image\/png"}],"twitter_card":"summary_large_image","twitter_misc":{"Est. reading time":"1 minute"},"schema":{"@context":"https:\/\/schema.org","@graph":[{"@type":"WebPage","@id":"https:\/\/nurel.com\/en\/fibers-division\/products\/functional\/flame-retardant\/","url":"https:\/\/nurel.com\/en\/fibers-division\/products\/functional\/flame-retardant\/","name":"Flame Retardant | NUREL Synthetic Fibers - NUREL","isPartOf":{"@id":"https:\/\/nurel.com\/en\/#website"},"primaryImageOfPage":{"@id":"https:\/\/nurel.com\/en\/fibers-division\/products\/functional\/flame-retardant\/#primaryimage"},"image":{"@id":"https:\/\/nurel.com\/en\/fibers-division\/products\/functional\/flame-retardant\/#primaryimage"},"thumbnailUrl":"https:\/\/nurel.com\/wp-content\/uploads\/2022\/07\/AAFF_LOGO_NERIDE_FR.png","datePublished":"2022-12-13T14:48:59+00:00","dateModified":"2024-04-19T10:55:02+00:00","description":"NUREL Flame retardant nylon fibers are ideal for the manufacture of automotive covers or materials requiring flame retardancy.","breadcrumb":{"@id":"https:\/\/nurel.com\/en\/fibers-division\/products\/functional\/flame-retardant\/#breadcrumb"},"inLanguage":"en-US","potentialAction":[{"@type":"ReadAction","target":["https:\/\/nurel.com\/en\/fibers-division\/products\/functional\/flame-retardant\/"]}]},{"@type":"ImageObject","inLanguage":"en-US","@id":"https:\/\/nurel.com\/en\/fibers-division\/products\/functional\/flame-retardant\/#primaryimage","url":"https:\/\/nurel.com\/wp-content\/uploads\/2022\/07\/AAFF_LOGO_NERIDE_FR.png","contentUrl":"https:\/\/nurel.com\/wp-content\/uploads\/2022\/07\/AAFF_LOGO_NERIDE_FR.png","width":1173,"height":644},{"@type":"BreadcrumbList","@id":"https:\/\/nurel.com\/en\/fibers-division\/products\/functional\/flame-retardant\/#breadcrumb","itemListElement":[{"@type":"ListItem","position":1,"name":"HOME","item":"https:\/\/nurel.com\/en\/"},{"@type":"ListItem","position":2,"name":"FIBERS DIVISION","item":"https:\/\/nurel.com\/en\/division-fibras\/"},{"@type":"ListItem","position":3,"name":"Products","item":"https:\/\/nurel.com\/en\/fibers-division\/products\/"},{"@type":"ListItem","position":4,"name":"Functional | NUREL Synthetic Fibers","item":"https:\/\/nurel.com\/en\/fibers-division\/products\/functional\/"},{"@type":"ListItem","position":5,"name":"Flame Retardant | NUREL Synthetic Fibers"}]},{"@type":"WebSite","@id":"https:\/\/nurel.com\/en\/#website","url":"https:\/\/nurel.com\/en\/","name":"NUREL","description":"Pasi\u00f3n por innovar, 50 a\u00f1os de experiencia en producci\u00f3n de fibra y pol\u00edmeros. Innovaci\u00f3n en poliamidas y biopol\u00edmeros con tecnolog\u00eda de \u00faltima generaci\u00f3n.","publisher":{"@id":"https:\/\/nurel.com\/en\/#organization"},"potentialAction":[{"@type":"SearchAction","target":{"@type":"EntryPoint","urlTemplate":"https:\/\/nurel.com\/en\/?s={search_term_string}"},"query-input":{"@type":"PropertyValueSpecification","valueRequired":true,"valueName":"search_term_string"}}],"inLanguage":"en-US"},{"@type":"Organization","@id":"https:\/\/nurel.com\/en\/#organization","name":"NUREL","url":"https:\/\/nurel.com\/en\/","logo":{"@type":"ImageObject","inLanguage":"en-US","@id":"https:\/\/nurel.com\/en\/#\/schema\/logo\/image\/","url":"https:\/\/nurel.com\/wp-content\/uploads\/2021\/04\/nurel-logo.png","contentUrl":"https:\/\/nurel.com\/wp-content\/uploads\/2021\/04\/nurel-logo.png","width":350,"height":120,"caption":"NUREL"},"image":{"@id":"https:\/\/nurel.com\/en\/#\/schema\/logo\/image\/"},"sameAs":["https:\/\/www.facebook.com\/nurelpolymers","https:\/\/www.linkedin.com\/company\/nurel-company\/","https:\/\/www.youtube.com\/channel\/UCZl9I2kX8l7CYtfI29bxmeg"]}]}},"_links":{"self":[{"href":"https:\/\/nurel.com\/en\/wp-json\/wp\/v2\/pages\/39444","targetHints":{"allow":["GET"]}}],"collection":[{"href":"https:\/\/nurel.com\/en\/wp-json\/wp\/v2\/pages"}],"about":[{"href":"https:\/\/nurel.com\/en\/wp-json\/wp\/v2\/types\/page"}],"author":[{"embeddable":true,"href":"https:\/\/nurel.com\/en\/wp-json\/wp\/v2\/users\/1"}],"replies":[{"embeddable":true,"href":"https:\/\/nurel.com\/en\/wp-json\/wp\/v2\/comments?post=39444"}],"version-history":[{"count":0,"href":"https:\/\/nurel.com\/en\/wp-json\/wp\/v2\/pages\/39444\/revisions"}],"up":[{"embeddable":true,"href":"https:\/\/nurel.com\/en\/wp-json\/wp\/v2\/pages\/39442"}],"wp:featuredmedia":[{"embeddable":true,"href":"https:\/\/nurel.com\/en\/wp-json\/wp\/v2\/media\/35996"}],"wp:attachment":[{"href":"https:\/\/nurel.com\/en\/wp-json\/wp\/v2\/media?parent=39444"}],"curies":[{"name":"wp","href":"https:\/\/api.w.org\/{rel}","templated":true}]}}