{"id":48799,"date":"2023-04-11T08:12:05","date_gmt":"2023-04-11T06:12:05","guid":{"rendered":"https:\/\/nurel.com\/contact\/newsletter\/"},"modified":"2023-07-12T11:17:12","modified_gmt":"2023-07-12T09:17:12","slug":"newsletter","status":"publish","type":"page","link":"https:\/\/nurel.com\/en\/polymers-division\/contact\/newsletter\/","title":{"rendered":"Newsletter Subscription | NUREL Engineering Polymers"},"content":{"rendered":"\t\t<div data-elementor-type=\"wp-post\" data-elementor-id=\"48799\" class=\"elementor elementor-48799 elementor-2820\" data-elementor-post-type=\"page\">\n\t\t\t\t\t\t<section class=\"elementor-section elementor-top-section elementor-element elementor-element-39dabc18 elementor-section-content-middle elementor-section-full_width elementor-section-height-default elementor-section-height-default\" data-id=\"39dabc18\" data-element_type=\"section\" data-e-type=\"section\" data-settings=\"{&quot;background_background&quot;:&quot;classic&quot;}\">\n\t\t\t\t\t\t\t<div class=\"elementor-background-overlay\"><\/div>\n\t\t\t\t\t\t\t<div class=\"elementor-container elementor-column-gap-no\">\n\t\t\t\t\t<div class=\"elementor-column elementor-col-100 elementor-top-column elementor-element elementor-element-f60585f\" data-id=\"f60585f\" data-element_type=\"column\" data-e-type=\"column\">\n\t\t\t<div class=\"elementor-widget-wrap elementor-element-populated\">\n\t\t\t\t\t\t\t<\/div>\n\t\t<\/div>\n\t\t\t\t\t<\/div>\n\t\t<\/section>\n\t\t\t\t<section class=\"elementor-section elementor-top-section elementor-element elementor-element-e160972 elementor-section-content-middle elementor-section-full_width elementor-section-height-default elementor-section-height-default\" data-id=\"e160972\" data-element_type=\"section\" data-e-type=\"section\">\n\t\t\t\t\t\t<div class=\"elementor-container elementor-column-gap-wide\">\n\t\t\t\t\t<div class=\"elementor-column elementor-col-66 elementor-top-column elementor-element elementor-element-19602117 mercadosMain\" data-id=\"19602117\" data-element_type=\"column\" data-e-type=\"column\">\n\t\t\t<div class=\"elementor-widget-wrap elementor-element-populated\">\n\t\t\t\t\t\t<div class=\"elementor-element elementor-element-79c223d tituloMercado elementor-widget elementor-widget-image-box\" data-id=\"79c223d\" data-element_type=\"widget\" data-e-type=\"widget\" data-widget_type=\"image-box.default\">\n\t\t\t\t\t<div class=\"elementor-image-box-wrapper\"><div class=\"elementor-image-box-content\"><h1 class=\"elementor-image-box-title\">SUBSCRIBE TO OUR NEWSLETTER<\/h1><p class=\"elementor-image-box-description\"><h2>KEEP ON TOP OF THE LATEST NEWS<\/h2><\/p><\/div><\/div>\t\t\t\t<\/div>\n\t\t\t\t<div class=\"elementor-element elementor-element-bcacc17 elementor-widget elementor-widget-text-editor\" data-id=\"bcacc17\" data-element_type=\"widget\" data-e-type=\"widget\" data-widget_type=\"text-editor.default\">\n\t\t\t\t\t\t\t\t\t<p>It is our pleasure to invite you to receive our newsletter. NUREL&#8217;s newsletter is intended to be a summary covering relevant news focusing on new products, technologies, latest applications and events at NUREL and at the plastic industry. <strong>We hope you find this periodic update interesting.<\/strong><\/p><p>To subscribe for upcoming issues, <strong>please fill in the following form<\/strong>.<\/p><p>Check our previous news by clicking <a href=\"https:\/\/nurel.com\/es\/noticias\/engineering-polymers\" target=\"_blank\" rel=\"noopener\">here<\/a>.<\/p>\t\t\t\t\t\t\t\t<\/div>\n\t\t\t\t\t<\/div>\n\t\t<\/div>\n\t\t\t\t<div class=\"elementor-column elementor-col-33 elementor-top-column elementor-element elementor-element-ab6c6b3 mercadosInfo\" data-id=\"ab6c6b3\" data-element_type=\"column\" data-e-type=\"column\">\n\t\t\t<div class=\"elementor-widget-wrap elementor-element-populated\">\n\t\t\t\t\t\t<div class=\"elementor-element elementor-element-4382734 elementor-hidden-desktop elementor-hidden-tablet elementor-hidden-phone elementor-widget elementor-widget-heading\" data-id=\"4382734\" data-element_type=\"widget\" data-e-type=\"widget\" data-widget_type=\"heading.default\">\n\t\t\t\t\t<div class=\"elementor-heading-title elementor-size-default\">Need more information?<\/div>\t\t\t\t<\/div>\n\t\t\t\t<div class=\"elementor-element elementor-element-7a15ed1 elementor-widget elementor-widget-image\" data-id=\"7a15ed1\" data-element_type=\"widget\" data-e-type=\"widget\" data-widget_type=\"image.default\">\n\t\t\t\t\t\t\t\t\t\t\t\t\t\t\t<img decoding=\"async\" data-src=\"https:\/\/nurel.com\/wp-content\/uploads\/2021\/06\/polymers-circulo-newsletter-round.png\" title=\"\" alt=\"Suscripci\u00f3n Newsletter NUREL\" class=\"elementor-animation-grow lazyload\" src=\"data:image\/svg+xml;base64,PHN2ZyB3aWR0aD0iMSIgaGVpZ2h0PSIxIiB4bWxucz0iaHR0cDovL3d3dy53My5vcmcvMjAwMC9zdmciPjwvc3ZnPg==\" style=\"--smush-placeholder-width: 300px; --smush-placeholder-aspect-ratio: 300\/300;\" \/>\t\t\t\t\t\t\t\t\t\t\t\t\t\t\t<\/div>\n\t\t\t\t\t<\/div>\n\t\t<\/div>\n\t\t\t\t\t<\/div>\n\t\t<\/section>\n\t\t\t\t<section class=\"elementor-section elementor-top-section elementor-element elementor-element-680b555 elementor-section-full_width elementor-section-height-default elementor-section-height-default\" data-id=\"680b555\" data-element_type=\"section\" data-e-type=\"section\">\n\t\t\t\t\t\t<div class=\"elementor-container elementor-column-gap-default\">\n\t\t\t\t\t<div class=\"elementor-column elementor-col-100 elementor-top-column elementor-element elementor-element-9c4c170\" data-id=\"9c4c170\" data-element_type=\"column\" data-e-type=\"column\">\n\t\t\t<div class=\"elementor-widget-wrap elementor-element-populated\">\n\t\t\t\t\t\t<div class=\"elementor-element elementor-element-0a87833 elementor-widget elementor-widget-progress\" data-id=\"0a87833\" data-element_type=\"widget\" data-e-type=\"widget\" data-widget_type=\"progress.default\">\n\t\t\t\t\t\n\t\t<div class=\"elementor-progress-wrapper progress-info\" role=\"progressbar\" aria-valuemin=\"0\" aria-valuemax=\"100\" aria-valuenow=\"100\">\n\t\t\t<div class=\"elementor-progress-bar\" data-max=\"100\">\n\t\t\t\t<span class=\"elementor-progress-text\"><\/span>\n\t\t\t\t\t\t\t<\/div>\n\t\t<\/div>\n\t\t\t\t\t\t<\/div>\n\t\t\t\t\t<\/div>\n\t\t<\/div>\n\t\t\t\t\t<\/div>\n\t\t<\/section>\n\t\t\t\t<section class=\"elementor-section elementor-top-section elementor-element elementor-element-cb3d01d elementor-section-full_width elementor-section-height-default elementor-section-height-default\" data-id=\"cb3d01d\" data-element_type=\"section\" data-e-type=\"section\">\n\t\t\t\t\t\t<div class=\"elementor-container elementor-column-gap-default\">\n\t\t\t\t\t<div class=\"elementor-column elementor-col-100 elementor-top-column elementor-element elementor-element-f178c65\" data-id=\"f178c65\" data-element_type=\"column\" data-e-type=\"column\">\n\t\t\t<div class=\"elementor-widget-wrap elementor-element-populated\">\n\t\t\t\t\t\t<div class=\"elementor-element elementor-element-d836b45 elementor-widget elementor-widget-shortcode\" data-id=\"d836b45\" data-element_type=\"widget\" data-e-type=\"widget\" data-widget_type=\"shortcode.default\">\n\t\t\t\t\t\t\t<div class=\"elementor-shortcode\">[contact-form-7 id=\"2819\" title=\"POLYMER NEWSLETTER FORM\"]<\/div>\n\t\t\t\t\t\t<\/div>\n\t\t\t\t\t<\/div>\n\t\t<\/div>\n\t\t\t\t\t<\/div>\n\t\t<\/section>\n\t\t\t\t<\/div>\n\t\t","protected":false},"excerpt":{"rendered":"<p>SUBSCRIBE TO OUR NEWSLETTER KEEP ON TOP OF THE LATEST NEWS It is our pleasure to invite you to receive our newsletter. NUREL&#8217;s newsletter is intended to be a summary covering relevant news focusing on new products, technologies, latest applications and events at NUREL and at the plastic industry. We hope you find this periodic [&hellip;]<\/p>\n","protected":false},"author":1,"featured_media":32510,"parent":48795,"menu_order":0,"comment_status":"closed","ping_status":"closed","template":"","meta":{"site-sidebar-layout":"no-sidebar","site-content-layout":"page-builder","ast-site-content-layout":"default","site-content-style":"default","site-sidebar-style":"default","ast-global-header-display":"","ast-banner-title-visibility":"","ast-main-header-display":"","ast-hfb-above-header-display":"","ast-hfb-below-header-display":"","ast-hfb-mobile-header-display":"","site-post-title":"disabled","ast-breadcrumbs-content":"","ast-featured-img":"disabled","footer-sml-layout":"","ast-disable-related-posts":"","theme-transparent-header-meta":"enabled","adv-header-id-meta":"631","stick-header-meta":"","header-above-stick-meta":"","header-main-stick-meta":"","header-below-stick-meta":"","astra-migrate-meta-layouts":"default","ast-page-background-enabled":"default","ast-page-background-meta":{"desktop":{"background-color":"","background-image":"","background-repeat":"repeat","background-position":"center center","background-size":"auto","background-attachment":"scroll","background-type":"","background-media":"","overlay-type":"","overlay-color":"","overlay-opacity":"","overlay-gradient":""},"tablet":{"background-color":"","background-image":"","background-repeat":"repeat","background-position":"center center","background-size":"auto","background-attachment":"scroll","background-type":"","background-media":"","overlay-type":"","overlay-color":"","overlay-opacity":"","overlay-gradient":""},"mobile":{"background-color":"","background-image":"","background-repeat":"repeat","background-position":"center center","background-size":"auto","background-attachment":"scroll","background-type":"","background-media":"","overlay-type":"","overlay-color":"","overlay-opacity":"","overlay-gradient":""}},"ast-content-background-meta":{"desktop":{"background-color":"var(--ast-global-color-5)","background-image":"","background-repeat":"repeat","background-position":"center center","background-size":"auto","background-attachment":"scroll","background-type":"","background-media":"","overlay-type":"","overlay-color":"","overlay-opacity":"","overlay-gradient":""},"tablet":{"background-color":"var(--ast-global-color-5)","background-image":"","background-repeat":"repeat","background-position":"center center","background-size":"auto","background-attachment":"scroll","background-type":"","background-media":"","overlay-type":"","overlay-color":"","overlay-opacity":"","overlay-gradient":""},"mobile":{"background-color":"var(--ast-global-color-5)","background-image":"","background-repeat":"repeat","background-position":"center center","background-size":"auto","background-attachment":"scroll","background-type":"","background-media":"","overlay-type":"","overlay-color":"","overlay-opacity":"","overlay-gradient":""}},"footnotes":""},"class_list":["post-48799","page","type-page","status-publish","has-post-thumbnail","hentry"],"yoast_head":"<!-- This site is optimized with the Yoast SEO plugin v27.3 - https:\/\/yoast.com\/product\/yoast-seo-wordpress\/ -->\n<title>Newsletter Subscription | NUREL Engineering Polymers - NUREL<\/title>\n<meta name=\"description\" content=\"Subscribe to the NUREL S.A. newsletter for the latest news on Polymers, PET, PBT &amp; PBT\/PET and polyamides.\" \/>\n<meta name=\"robots\" content=\"index, follow, max-snippet:-1, max-image-preview:large, max-video-preview:-1\" \/>\n<link rel=\"canonical\" href=\"https:\/\/nurel.com\/en\/polymers-division\/contact\/newsletter\/\" \/>\n<meta property=\"og:locale\" content=\"en_US\" \/>\n<meta property=\"og:type\" content=\"article\" \/>\n<meta property=\"og:title\" content=\"Newsletter Subscription | NUREL Engineering Polymers - NUREL\" \/>\n<meta property=\"og:description\" content=\"Subscribe to the NUREL S.A. newsletter for the latest news on Polymers, PET, PBT &amp; PBT\/PET and polyamides.\" \/>\n<meta property=\"og:url\" content=\"https:\/\/nurel.com\/en\/polymers-division\/contact\/newsletter\/\" \/>\n<meta property=\"og:site_name\" content=\"NUREL\" \/>\n<meta property=\"article:publisher\" content=\"https:\/\/www.facebook.com\/nurelpolymers\" \/>\n<meta property=\"article:modified_time\" content=\"2023-07-12T09:17:12+00:00\" \/>\n<meta property=\"og:image\" content=\"https:\/\/nurel.tempurl.host\/wp-content\/uploads\/2022\/06\/Rectangle-1.png\" \/>\n\t<meta property=\"og:image:width\" content=\"358\" \/>\n\t<meta property=\"og:image:height\" content=\"471\" \/>\n\t<meta property=\"og:image:type\" content=\"image\/png\" \/>\n<meta name=\"twitter:card\" content=\"summary_large_image\" \/>\n<meta name=\"twitter:label1\" content=\"Est. reading time\" \/>\n\t<meta name=\"twitter:data1\" content=\"2 minutes\" \/>\n<script type=\"application\/ld+json\" class=\"yoast-schema-graph\">{\"@context\":\"https:\\\/\\\/schema.org\",\"@graph\":[{\"@type\":\"WebPage\",\"@id\":\"https:\\\/\\\/nurel.com\\\/en\\\/polymers-division\\\/contact\\\/newsletter\\\/\",\"url\":\"https:\\\/\\\/nurel.com\\\/en\\\/polymers-division\\\/contact\\\/newsletter\\\/\",\"name\":\"Newsletter Subscription | NUREL Engineering Polymers - NUREL\",\"isPartOf\":{\"@id\":\"https:\\\/\\\/nurel.com\\\/en\\\/#website\"},\"primaryImageOfPage\":{\"@id\":\"https:\\\/\\\/nurel.com\\\/en\\\/polymers-division\\\/contact\\\/newsletter\\\/#primaryimage\"},\"image\":{\"@id\":\"https:\\\/\\\/nurel.com\\\/en\\\/polymers-division\\\/contact\\\/newsletter\\\/#primaryimage\"},\"thumbnailUrl\":\"https:\\\/\\\/nurel.com\\\/wp-content\\\/uploads\\\/2022\\\/06\\\/Rectangle-1.png\",\"datePublished\":\"2023-04-11T06:12:05+00:00\",\"dateModified\":\"2023-07-12T09:17:12+00:00\",\"description\":\"Subscribe to the NUREL S.A. newsletter for the latest news on Polymers, PET, PBT & PBT\\\/PET and polyamides.\",\"breadcrumb\":{\"@id\":\"https:\\\/\\\/nurel.com\\\/en\\\/polymers-division\\\/contact\\\/newsletter\\\/#breadcrumb\"},\"inLanguage\":\"en-US\",\"potentialAction\":[{\"@type\":\"ReadAction\",\"target\":[\"https:\\\/\\\/nurel.com\\\/en\\\/polymers-division\\\/contact\\\/newsletter\\\/\"]}]},{\"@type\":\"ImageObject\",\"inLanguage\":\"en-US\",\"@id\":\"https:\\\/\\\/nurel.com\\\/en\\\/polymers-division\\\/contact\\\/newsletter\\\/#primaryimage\",\"url\":\"https:\\\/\\\/nurel.com\\\/wp-content\\\/uploads\\\/2022\\\/06\\\/Rectangle-1.png\",\"contentUrl\":\"https:\\\/\\\/nurel.com\\\/wp-content\\\/uploads\\\/2022\\\/06\\\/Rectangle-1.png\",\"width\":358,\"height\":471},{\"@type\":\"BreadcrumbList\",\"@id\":\"https:\\\/\\\/nurel.com\\\/en\\\/polymers-division\\\/contact\\\/newsletter\\\/#breadcrumb\",\"itemListElement\":[{\"@type\":\"ListItem\",\"position\":1,\"name\":\"HOME\",\"item\":\"https:\\\/\\\/nurel.com\\\/en\\\/\"},{\"@type\":\"ListItem\",\"position\":2,\"name\":\"POLYMER DIVISION\",\"item\":\"https:\\\/\\\/nurel.com\\\/en\\\/polymers-division\\\/\"},{\"@type\":\"ListItem\",\"position\":3,\"name\":\"Contact | NUREL Engineering Polymers\",\"item\":\"https:\\\/\\\/nurel.com\\\/en\\\/division-polimeros\\\/contacto\\\/\"},{\"@type\":\"ListItem\",\"position\":4,\"name\":\"Newsletter Subscription | NUREL Engineering Polymers\"}]},{\"@type\":\"WebSite\",\"@id\":\"https:\\\/\\\/nurel.com\\\/en\\\/#website\",\"url\":\"https:\\\/\\\/nurel.com\\\/en\\\/\",\"name\":\"NUREL\",\"description\":\"Pasi\u00f3n por innovar, 50 a\u00f1os de experiencia en producci\u00f3n de fibra y pol\u00edmeros. Innovaci\u00f3n en poliamidas y biopol\u00edmeros con tecnolog\u00eda de \u00faltima generaci\u00f3n.\",\"publisher\":{\"@id\":\"https:\\\/\\\/nurel.com\\\/en\\\/#organization\"},\"potentialAction\":[{\"@type\":\"SearchAction\",\"target\":{\"@type\":\"EntryPoint\",\"urlTemplate\":\"https:\\\/\\\/nurel.com\\\/en\\\/?s={search_term_string}\"},\"query-input\":{\"@type\":\"PropertyValueSpecification\",\"valueRequired\":true,\"valueName\":\"search_term_string\"}}],\"inLanguage\":\"en-US\"},{\"@type\":\"Organization\",\"@id\":\"https:\\\/\\\/nurel.com\\\/en\\\/#organization\",\"name\":\"NUREL\",\"url\":\"https:\\\/\\\/nurel.com\\\/en\\\/\",\"logo\":{\"@type\":\"ImageObject\",\"inLanguage\":\"en-US\",\"@id\":\"https:\\\/\\\/nurel.com\\\/en\\\/#\\\/schema\\\/logo\\\/image\\\/\",\"url\":\"https:\\\/\\\/nurel.com\\\/wp-content\\\/uploads\\\/2021\\\/04\\\/nurel-logo.png\",\"contentUrl\":\"https:\\\/\\\/nurel.com\\\/wp-content\\\/uploads\\\/2021\\\/04\\\/nurel-logo.png\",\"width\":350,\"height\":120,\"caption\":\"NUREL\"},\"image\":{\"@id\":\"https:\\\/\\\/nurel.com\\\/en\\\/#\\\/schema\\\/logo\\\/image\\\/\"},\"sameAs\":[\"https:\\\/\\\/www.facebook.com\\\/nurelpolymers\",\"https:\\\/\\\/www.linkedin.com\\\/company\\\/nurel-company\\\/\",\"https:\\\/\\\/www.youtube.com\\\/channel\\\/UCZl9I2kX8l7CYtfI29bxmeg\"]}]}<\/script>\n<!-- \/ Yoast SEO plugin. -->","yoast_head_json":{"title":"Newsletter Subscription | NUREL Engineering Polymers - NUREL","description":"Subscribe to the NUREL S.A. newsletter for the latest news on Polymers, PET, PBT & PBT\/PET and polyamides.","robots":{"index":"index","follow":"follow","max-snippet":"max-snippet:-1","max-image-preview":"max-image-preview:large","max-video-preview":"max-video-preview:-1"},"canonical":"https:\/\/nurel.com\/en\/polymers-division\/contact\/newsletter\/","og_locale":"en_US","og_type":"article","og_title":"Newsletter Subscription | NUREL Engineering Polymers - NUREL","og_description":"Subscribe to the NUREL S.A. newsletter for the latest news on Polymers, PET, PBT & PBT\/PET and polyamides.","og_url":"https:\/\/nurel.com\/en\/polymers-division\/contact\/newsletter\/","og_site_name":"NUREL","article_publisher":"https:\/\/www.facebook.com\/nurelpolymers","article_modified_time":"2023-07-12T09:17:12+00:00","og_image":[{"width":358,"height":471,"url":"https:\/\/nurel.tempurl.host\/wp-content\/uploads\/2022\/06\/Rectangle-1.png","type":"image\/png"}],"twitter_card":"summary_large_image","twitter_misc":{"Est. reading time":"2 minutes"},"schema":{"@context":"https:\/\/schema.org","@graph":[{"@type":"WebPage","@id":"https:\/\/nurel.com\/en\/polymers-division\/contact\/newsletter\/","url":"https:\/\/nurel.com\/en\/polymers-division\/contact\/newsletter\/","name":"Newsletter Subscription | NUREL Engineering Polymers - NUREL","isPartOf":{"@id":"https:\/\/nurel.com\/en\/#website"},"primaryImageOfPage":{"@id":"https:\/\/nurel.com\/en\/polymers-division\/contact\/newsletter\/#primaryimage"},"image":{"@id":"https:\/\/nurel.com\/en\/polymers-division\/contact\/newsletter\/#primaryimage"},"thumbnailUrl":"https:\/\/nurel.com\/wp-content\/uploads\/2022\/06\/Rectangle-1.png","datePublished":"2023-04-11T06:12:05+00:00","dateModified":"2023-07-12T09:17:12+00:00","description":"Subscribe to the NUREL S.A. newsletter for the latest news on Polymers, PET, PBT & PBT\/PET and polyamides.","breadcrumb":{"@id":"https:\/\/nurel.com\/en\/polymers-division\/contact\/newsletter\/#breadcrumb"},"inLanguage":"en-US","potentialAction":[{"@type":"ReadAction","target":["https:\/\/nurel.com\/en\/polymers-division\/contact\/newsletter\/"]}]},{"@type":"ImageObject","inLanguage":"en-US","@id":"https:\/\/nurel.com\/en\/polymers-division\/contact\/newsletter\/#primaryimage","url":"https:\/\/nurel.com\/wp-content\/uploads\/2022\/06\/Rectangle-1.png","contentUrl":"https:\/\/nurel.com\/wp-content\/uploads\/2022\/06\/Rectangle-1.png","width":358,"height":471},{"@type":"BreadcrumbList","@id":"https:\/\/nurel.com\/en\/polymers-division\/contact\/newsletter\/#breadcrumb","itemListElement":[{"@type":"ListItem","position":1,"name":"HOME","item":"https:\/\/nurel.com\/en\/"},{"@type":"ListItem","position":2,"name":"POLYMER DIVISION","item":"https:\/\/nurel.com\/en\/polymers-division\/"},{"@type":"ListItem","position":3,"name":"Contact | NUREL Engineering Polymers","item":"https:\/\/nurel.com\/en\/division-polimeros\/contacto\/"},{"@type":"ListItem","position":4,"name":"Newsletter Subscription | NUREL Engineering Polymers"}]},{"@type":"WebSite","@id":"https:\/\/nurel.com\/en\/#website","url":"https:\/\/nurel.com\/en\/","name":"NUREL","description":"Pasi\u00f3n por innovar, 50 a\u00f1os de experiencia en producci\u00f3n de fibra y pol\u00edmeros. Innovaci\u00f3n en poliamidas y biopol\u00edmeros con tecnolog\u00eda de \u00faltima generaci\u00f3n.","publisher":{"@id":"https:\/\/nurel.com\/en\/#organization"},"potentialAction":[{"@type":"SearchAction","target":{"@type":"EntryPoint","urlTemplate":"https:\/\/nurel.com\/en\/?s={search_term_string}"},"query-input":{"@type":"PropertyValueSpecification","valueRequired":true,"valueName":"search_term_string"}}],"inLanguage":"en-US"},{"@type":"Organization","@id":"https:\/\/nurel.com\/en\/#organization","name":"NUREL","url":"https:\/\/nurel.com\/en\/","logo":{"@type":"ImageObject","inLanguage":"en-US","@id":"https:\/\/nurel.com\/en\/#\/schema\/logo\/image\/","url":"https:\/\/nurel.com\/wp-content\/uploads\/2021\/04\/nurel-logo.png","contentUrl":"https:\/\/nurel.com\/wp-content\/uploads\/2021\/04\/nurel-logo.png","width":350,"height":120,"caption":"NUREL"},"image":{"@id":"https:\/\/nurel.com\/en\/#\/schema\/logo\/image\/"},"sameAs":["https:\/\/www.facebook.com\/nurelpolymers","https:\/\/www.linkedin.com\/company\/nurel-company\/","https:\/\/www.youtube.com\/channel\/UCZl9I2kX8l7CYtfI29bxmeg"]}]}},"_links":{"self":[{"href":"https:\/\/nurel.com\/en\/wp-json\/wp\/v2\/pages\/48799","targetHints":{"allow":["GET"]}}],"collection":[{"href":"https:\/\/nurel.com\/en\/wp-json\/wp\/v2\/pages"}],"about":[{"href":"https:\/\/nurel.com\/en\/wp-json\/wp\/v2\/types\/page"}],"author":[{"embeddable":true,"href":"https:\/\/nurel.com\/en\/wp-json\/wp\/v2\/users\/1"}],"replies":[{"embeddable":true,"href":"https:\/\/nurel.com\/en\/wp-json\/wp\/v2\/comments?post=48799"}],"version-history":[{"count":0,"href":"https:\/\/nurel.com\/en\/wp-json\/wp\/v2\/pages\/48799\/revisions"}],"up":[{"embeddable":true,"href":"https:\/\/nurel.com\/en\/wp-json\/wp\/v2\/pages\/48795"}],"wp:featuredmedia":[{"embeddable":true,"href":"https:\/\/nurel.com\/en\/wp-json\/wp\/v2\/media\/32510"}],"wp:attachment":[{"href":"https:\/\/nurel.com\/en\/wp-json\/wp\/v2\/media?parent=48799"}],"curies":[{"name":"wp","href":"https:\/\/api.w.org\/{rel}","templated":true}]}}