{"id":51456,"date":"2023-05-18T12:30:52","date_gmt":"2023-05-18T10:30:52","guid":{"rendered":"https:\/\/nurel.com\/extrusion\/"},"modified":"2025-09-10T10:25:59","modified_gmt":"2025-09-10T08:25:59","slug":"extrusion","status":"publish","type":"page","link":"https:\/\/nurel.com\/en\/polymers-division\/processes\/extrusion\/","title":{"rendered":"Extrusion"},"content":{"rendered":"\t\t<div data-elementor-type=\"wp-post\" data-elementor-id=\"51456\" class=\"elementor elementor-51456 elementor-12505\" data-elementor-post-type=\"page\">\n\t\t\t\t\t\t<section class=\"elementor-section elementor-top-section elementor-element elementor-element-39dabc18 elementor-section-content-middle elementor-section-full_width elementor-section-height-default elementor-section-height-default\" data-id=\"39dabc18\" data-element_type=\"section\" data-e-type=\"section\" data-settings=\"{&quot;background_background&quot;:&quot;classic&quot;}\">\n\t\t\t\t\t\t\t<div class=\"elementor-background-overlay\"><\/div>\n\t\t\t\t\t\t\t<div class=\"elementor-container elementor-column-gap-no\">\n\t\t\t\t\t<div class=\"elementor-column elementor-col-100 elementor-top-column elementor-element elementor-element-dd36565\" data-id=\"dd36565\" data-element_type=\"column\" data-e-type=\"column\">\n\t\t\t<div class=\"elementor-widget-wrap elementor-element-populated\">\n\t\t\t\t\t\t<div class=\"elementor-element elementor-element-51ad458 elementor-hidden-desktop elementor-hidden-tablet elementor-hidden-phone elementor-widget-divider--view-line elementor-widget elementor-widget-divider\" data-id=\"51ad458\" data-element_type=\"widget\" data-e-type=\"widget\" data-widget_type=\"divider.default\">\n\t\t\t\t\t\t\t<div class=\"elementor-divider\">\n\t\t\t<span class=\"elementor-divider-separator\">\n\t\t\t\t\t\t<\/span>\n\t\t<\/div>\n\t\t\t\t\t\t<\/div>\n\t\t\t\t\t<\/div>\n\t\t<\/div>\n\t\t\t\t\t<\/div>\n\t\t<\/section>\n\t\t\t\t<section class=\"elementor-section elementor-top-section elementor-element elementor-element-7c5d79a elementor-section-content-middle elementor-section-full_width elementor-section-height-default elementor-section-height-default\" data-id=\"7c5d79a\" data-element_type=\"section\" data-e-type=\"section\">\n\t\t\t\t\t\t<div class=\"elementor-container elementor-column-gap-wide\">\n\t\t\t\t\t<div class=\"elementor-column elementor-col-50 elementor-top-column elementor-element elementor-element-a5dfcff mercadosMain\" data-id=\"a5dfcff\" data-element_type=\"column\" data-e-type=\"column\">\n\t\t\t<div class=\"elementor-widget-wrap elementor-element-populated\">\n\t\t\t\t\t\t<div class=\"elementor-element elementor-element-7439dd5 tituloMercado elementor-widget elementor-widget-image-box\" data-id=\"7439dd5\" data-element_type=\"widget\" data-e-type=\"widget\" data-widget_type=\"image-box.default\">\n\t\t\t\t\t<div class=\"elementor-image-box-wrapper\"><div class=\"elementor-image-box-content\"><h1 class=\"elementor-image-box-title\">Extrusion<\/h1><\/div><\/div>\t\t\t\t<\/div>\n\t\t\t\t\t<\/div>\n\t\t<\/div>\n\t\t\t\t<div class=\"elementor-column elementor-col-50 elementor-top-column elementor-element elementor-element-098b56a mercadosInfo\" data-id=\"098b56a\" data-element_type=\"column\" data-e-type=\"column\" data-settings=\"{&quot;background_background&quot;:&quot;classic&quot;}\">\n\t\t\t<div class=\"elementor-widget-wrap elementor-element-populated\">\n\t\t\t\t\t\t<div class=\"elementor-element elementor-element-217a3af elementor-widget elementor-widget-heading\" data-id=\"217a3af\" data-element_type=\"widget\" data-e-type=\"widget\" data-widget_type=\"heading.default\">\n\t\t\t\t\t<div class=\"elementor-heading-title elementor-size-default\">Need more information?<\/div>\t\t\t\t<\/div>\n\t\t\t\t<div class=\"elementor-element elementor-element-7a60c0a uael-button-stack-desktop mercadoBotonesInfo uael-button-halign-center elementor-widget elementor-widget-uael-buttons\" data-id=\"7a60c0a\" data-element_type=\"widget\" data-e-type=\"widget\" data-widget_type=\"uael-buttons.default\">\n\t\t\t\t<div class=\"elementor-widget-container\">\n\t\t\t\t\t\t\t<div class=\"uael-dual-button-outer-wrap\">\n\t\t\t<div class=\"uael-dual-button-wrap\">\n\t\t\t\t\t\t\t\t<div class=\"uael-button-wrapper uael-dual-button elementor-widget-button elementor-repeater-item-4477308 uael-dual-button-0\">\n\t\t\t\t\t<a class=\"elementor-button-link elementor-button elementor-size-lg elementor-button-link\" href=\"https:\/\/nurel.com\/en\/polymers-division\/contact\/\">\n\t\t\t\t\t\t\t\t<span class=\"elementor-button-content-wrapper uael-buttons-icon-\">\n\t\t\t\t\t\t\t\t\t\t\t\t<span class=\"elementor-align-icon- elementor-button-icon\">\n\t\t\t\t\t\t\t\t\t\t\t<\/span>\n\t\t\t\t\t\t\t\t\t\t<span class=\"elementor-button-text elementor-inline-editing\" data-elementor-setting-key=\"buttons.0.text\" data-elementor-inline-editing-toolbar=\"none\">Contact us<\/span>\n\t\t<\/span>\n\t\t\t\t\t\t\t<\/a>\n\t\t\t\t<\/div>\n\t\t\t\t\t\t\t\t<div class=\"uael-button-wrapper uael-dual-button elementor-widget-button elementor-repeater-item-2ad0a0d uael-dual-button-1\">\n\t\t\t\t\t<a class=\"elementor-button-link elementor-button elementor-size-lg elementor-button-link\" href=\"https:\/\/nurel.com\/en\/polymers-division\/products\/product-finder\/\">\n\t\t\t\t\t\t\t\t<span class=\"elementor-button-content-wrapper uael-buttons-icon- elementor-button-content-wrapper uael-buttons-icon-\">\n\t\t\t\t\t\t\t\t\t\t\t\t<span class=\"elementor-align-icon- elementor-button-icon\">\n\t\t\t\t\t\t\t\t\t\t\t<\/span>\n\t\t\t\t\t\t\t\t\t\t<span class=\"elementor-button-text elementor-inline-editing\" data-elementor-setting-key=\"buttons.1.text\" data-elementor-inline-editing-toolbar=\"none\">Search<\/span>\n\t\t<\/span>\n\t\t\t\t\t\t\t<\/a>\n\t\t\t\t<\/div>\n\t\t\t\t\t\t\t<\/div>\n\t\t<\/div>\n\t\t\t\t\t\t<\/div>\n\t\t\t\t<\/div>\n\t\t\t\t\t<\/div>\n\t\t<\/div>\n\t\t\t\t\t<\/div>\n\t\t<\/section>\n\t\t\t\t<section class=\"elementor-section elementor-top-section elementor-element elementor-element-4fc4505 elementor-section-content-middle elementor-section-full_width elementor-section-height-default elementor-section-height-default\" data-id=\"4fc4505\" data-element_type=\"section\" data-e-type=\"section\">\n\t\t\t\t\t\t<div class=\"elementor-container elementor-column-gap-wide\">\n\t\t\t\t\t<div class=\"elementor-column elementor-col-50 elementor-top-column elementor-element elementor-element-4a25b87 mercadosInfo\" data-id=\"4a25b87\" data-element_type=\"column\" data-e-type=\"column\">\n\t\t\t<div class=\"elementor-widget-wrap elementor-element-populated\">\n\t\t\t\t\t\t<div class=\"elementor-element elementor-element-72bdf20 elementor-widget elementor-widget-image\" data-id=\"72bdf20\" data-element_type=\"widget\" data-e-type=\"widget\" data-widget_type=\"image.default\">\n\t\t\t\t\t\t\t\t\t\t\t\t\t\t\t\t<a href=\"https:\/\/nurel.com\/wp-content\/uploads\/2021\/07\/cast_film_extrusion_process_es_0-scaled.jpg\" data-elementor-open-lightbox=\"yes\" data-elementor-lightbox-title=\"Film Cast Extrusion Process\" data-e-action-hash=\"#elementor-action%3Aaction%3Dlightbox%26settings%3DeyJpZCI6MzA3MywidXJsIjoiaHR0cHM6XC9cL251cmVsLmNvbVwvd3AtY29udGVudFwvdXBsb2Fkc1wvMjAyMVwvMDdcL2Nhc3RfZmlsbV9leHRydXNpb25fcHJvY2Vzc19lc18wLXNjYWxlZC5qcGcifQ%3D%3D\">\n\t\t\t\t\t\t\t<img fetchpriority=\"high\" decoding=\"async\" width=\"1024\" height=\"314\" src=\"https:\/\/nurel.com\/wp-content\/uploads\/2021\/07\/cast_film_extrusion_process_es_0-1024x314.jpg\" class=\"attachment-large size-large wp-image-3073\" alt=\"Film Cast Extrusion Process with NUREL Polymers\" srcset=\"https:\/\/nurel.com\/wp-content\/uploads\/2021\/07\/cast_film_extrusion_process_es_0-1024x314.jpg 1024w, https:\/\/nurel.com\/wp-content\/uploads\/2021\/07\/cast_film_extrusion_process_es_0-scaled-600x184.jpg 600w, https:\/\/nurel.com\/wp-content\/uploads\/2021\/07\/cast_film_extrusion_process_es_0-300x92.jpg 300w, https:\/\/nurel.com\/wp-content\/uploads\/2021\/07\/cast_film_extrusion_process_es_0-768x236.jpg 768w, https:\/\/nurel.com\/wp-content\/uploads\/2021\/07\/cast_film_extrusion_process_es_0-1536x471.jpg 1536w, https:\/\/nurel.com\/wp-content\/uploads\/2021\/07\/cast_film_extrusion_process_es_0-2048x628.jpg 2048w\" sizes=\"(max-width: 1024px) 100vw, 1024px\" \/>\t\t\t\t\t\t\t\t<\/a>\n\t\t\t\t\t\t\t\t\t\t\t\t\t\t\t<\/div>\n\t\t\t\t\t<\/div>\n\t\t<\/div>\n\t\t\t\t<div class=\"elementor-column elementor-col-50 elementor-top-column elementor-element elementor-element-49fee8f mercadosInfo\" data-id=\"49fee8f\" data-element_type=\"column\" data-e-type=\"column\">\n\t\t\t<div class=\"elementor-widget-wrap elementor-element-populated\">\n\t\t\t\t\t\t<section class=\"elementor-section elementor-inner-section elementor-element elementor-element-c51cbec elementor-section-boxed elementor-section-height-default elementor-section-height-default\" data-id=\"c51cbec\" data-element_type=\"section\" data-e-type=\"section\">\n\t\t\t\t\t\t<div class=\"elementor-container elementor-column-gap-no\">\n\t\t\t\t\t<div class=\"elementor-column elementor-col-50 elementor-inner-column elementor-element elementor-element-d64376f\" data-id=\"d64376f\" data-element_type=\"column\" data-e-type=\"column\">\n\t\t\t<div class=\"elementor-widget-wrap elementor-element-populated\">\n\t\t\t\t\t\t<div class=\"elementor-element elementor-element-4565cf4 elementor-widget elementor-widget-image\" data-id=\"4565cf4\" data-element_type=\"widget\" data-e-type=\"widget\" data-widget_type=\"image.default\">\n\t\t\t\t\t\t\t\t\t\t\t\t\t\t\t<img decoding=\"async\" data-src=\"https:\/\/nurel.com\/wp-content\/uploads\/2021\/06\/polymers-circulo-cast-film2-round.png\" title=\"\" alt=\"Film Cast\" src=\"data:image\/svg+xml;base64,PHN2ZyB3aWR0aD0iMSIgaGVpZ2h0PSIxIiB4bWxucz0iaHR0cDovL3d3dy53My5vcmcvMjAwMC9zdmciPjwvc3ZnPg==\" class=\"lazyload\" style=\"--smush-placeholder-width: 300px; --smush-placeholder-aspect-ratio: 300\/300;\" \/>\t\t\t\t\t\t\t\t\t\t\t\t\t\t\t<\/div>\n\t\t\t\t\t<\/div>\n\t\t<\/div>\n\t\t\t\t<div class=\"elementor-column elementor-col-50 elementor-inner-column elementor-element elementor-element-b325195\" data-id=\"b325195\" data-element_type=\"column\" data-e-type=\"column\">\n\t\t\t<div class=\"elementor-widget-wrap elementor-element-populated\">\n\t\t\t\t\t\t<div class=\"elementor-element elementor-element-d3dd48f elementor-widget elementor-widget-image\" data-id=\"d3dd48f\" data-element_type=\"widget\" data-e-type=\"widget\" data-widget_type=\"image.default\">\n\t\t\t\t\t\t\t\t\t\t\t\t\t\t\t<img decoding=\"async\" data-src=\"https:\/\/nurel.com\/wp-content\/uploads\/2021\/06\/polymers-circulo-cast-film3-round.png\" title=\"\" alt=\"Film Cast\" src=\"data:image\/svg+xml;base64,PHN2ZyB3aWR0aD0iMSIgaGVpZ2h0PSIxIiB4bWxucz0iaHR0cDovL3d3dy53My5vcmcvMjAwMC9zdmciPjwvc3ZnPg==\" class=\"lazyload\" style=\"--smush-placeholder-width: 300px; --smush-placeholder-aspect-ratio: 300\/300;\" \/>\t\t\t\t\t\t\t\t\t\t\t\t\t\t\t<\/div>\n\t\t\t\t\t<\/div>\n\t\t<\/div>\n\t\t\t\t\t<\/div>\n\t\t<\/section>\n\t\t\t\t\t<\/div>\n\t\t<\/div>\n\t\t\t\t\t<\/div>\n\t\t<\/section>\n\t\t\t\t<\/div>\n\t\t","protected":false},"excerpt":{"rendered":"<p>Extrusion Need more information? Contact us Search<\/p>\n","protected":false},"author":1,"featured_media":0,"parent":51565,"menu_order":0,"comment_status":"closed","ping_status":"closed","template":"","meta":{"site-sidebar-layout":"no-sidebar","site-content-layout":"page-builder","ast-site-content-layout":"full-width-container","site-content-style":"unboxed","site-sidebar-style":"unboxed","ast-global-header-display":"","ast-banner-title-visibility":"","ast-main-header-display":"","ast-hfb-above-header-display":"","ast-hfb-below-header-display":"","ast-hfb-mobile-header-display":"","site-post-title":"disabled","ast-breadcrumbs-content":"","ast-featured-img":"disabled","footer-sml-layout":"","ast-disable-related-posts":"","theme-transparent-header-meta":"enabled","adv-header-id-meta":"","stick-header-meta":"","header-above-stick-meta":"","header-main-stick-meta":"","header-below-stick-meta":"","astra-migrate-meta-layouts":"set","ast-page-background-enabled":"default","ast-page-background-meta":{"desktop":{"background-color":"","background-image":"","background-repeat":"repeat","background-position":"center center","background-size":"auto","background-attachment":"scroll","background-type":"","background-media":"","overlay-type":"","overlay-color":"","overlay-opacity":"","overlay-gradient":""},"tablet":{"background-color":"","background-image":"","background-repeat":"repeat","background-position":"center center","background-size":"auto","background-attachment":"scroll","background-type":"","background-media":"","overlay-type":"","overlay-color":"","overlay-opacity":"","overlay-gradient":""},"mobile":{"background-color":"","background-image":"","background-repeat":"repeat","background-position":"center center","background-size":"auto","background-attachment":"scroll","background-type":"","background-media":"","overlay-type":"","overlay-color":"","overlay-opacity":"","overlay-gradient":""}},"ast-content-background-meta":{"desktop":{"background-color":"var(--ast-global-color-5)","background-image":"","background-repeat":"repeat","background-position":"center center","background-size":"auto","background-attachment":"scroll","background-type":"","background-media":"","overlay-type":"","overlay-color":"","overlay-opacity":"","overlay-gradient":""},"tablet":{"background-color":"var(--ast-global-color-5)","background-image":"","background-repeat":"repeat","background-position":"center center","background-size":"auto","background-attachment":"scroll","background-type":"","background-media":"","overlay-type":"","overlay-color":"","overlay-opacity":"","overlay-gradient":""},"mobile":{"background-color":"var(--ast-global-color-5)","background-image":"","background-repeat":"repeat","background-position":"center center","background-size":"auto","background-attachment":"scroll","background-type":"","background-media":"","overlay-type":"","overlay-color":"","overlay-opacity":"","overlay-gradient":""}},"footnotes":""},"class_list":["post-51456","page","type-page","status-publish","hentry"],"yoast_head":"<!-- This site is optimized with the Yoast SEO plugin v27.4 - https:\/\/yoast.com\/product\/yoast-seo-wordpress\/ -->\n<title>Extrusion - NUREL<\/title>\n<meta name=\"robots\" content=\"index, follow, max-snippet:-1, max-image-preview:large, max-video-preview:-1\" \/>\n<link rel=\"canonical\" href=\"https:\/\/nurel.com\/en\/polymers-division\/processes\/extrusion\/\" \/>\n<meta property=\"og:locale\" content=\"en_US\" \/>\n<meta property=\"og:type\" content=\"article\" \/>\n<meta property=\"og:title\" content=\"Extrusion - NUREL\" \/>\n<meta property=\"og:description\" content=\"Extrusion Need more information? Contact us Search\" \/>\n<meta property=\"og:url\" content=\"https:\/\/nurel.com\/en\/polymers-division\/processes\/extrusion\/\" \/>\n<meta property=\"og:site_name\" content=\"NUREL\" \/>\n<meta property=\"article:publisher\" content=\"https:\/\/www.facebook.com\/nurelpolymers\" \/>\n<meta property=\"article:modified_time\" content=\"2025-09-10T08:25:59+00:00\" \/>\n<meta property=\"og:image\" content=\"https:\/\/nurel.com\/wp-content\/uploads\/2021\/07\/cast_film_extrusion_process_es_0-scaled.jpg\" \/>\n\t<meta property=\"og:image:width\" content=\"2560\" \/>\n\t<meta property=\"og:image:height\" content=\"785\" \/>\n\t<meta property=\"og:image:type\" content=\"image\/jpeg\" \/>\n<meta name=\"twitter:card\" content=\"summary_large_image\" \/>\n<meta name=\"twitter:label1\" content=\"Est. reading time\" \/>\n\t<meta name=\"twitter:data1\" content=\"1 minute\" \/>\n<script type=\"application\/ld+json\" class=\"yoast-schema-graph\">{\"@context\":\"https:\\\/\\\/schema.org\",\"@graph\":[{\"@type\":\"WebPage\",\"@id\":\"https:\\\/\\\/nurel.com\\\/en\\\/polymers-division\\\/processes\\\/extrusion\\\/\",\"url\":\"https:\\\/\\\/nurel.com\\\/en\\\/polymers-division\\\/processes\\\/extrusion\\\/\",\"name\":\"Extrusion - NUREL\",\"isPartOf\":{\"@id\":\"https:\\\/\\\/nurel.com\\\/en\\\/#website\"},\"primaryImageOfPage\":{\"@id\":\"https:\\\/\\\/nurel.com\\\/en\\\/polymers-division\\\/processes\\\/extrusion\\\/#primaryimage\"},\"image\":{\"@id\":\"https:\\\/\\\/nurel.com\\\/en\\\/polymers-division\\\/processes\\\/extrusion\\\/#primaryimage\"},\"thumbnailUrl\":\"https:\\\/\\\/nurel.com\\\/wp-content\\\/uploads\\\/2021\\\/07\\\/cast_film_extrusion_process_es_0-1024x314.jpg\",\"datePublished\":\"2023-05-18T10:30:52+00:00\",\"dateModified\":\"2025-09-10T08:25:59+00:00\",\"breadcrumb\":{\"@id\":\"https:\\\/\\\/nurel.com\\\/en\\\/polymers-division\\\/processes\\\/extrusion\\\/#breadcrumb\"},\"inLanguage\":\"en-US\",\"potentialAction\":[{\"@type\":\"ReadAction\",\"target\":[\"https:\\\/\\\/nurel.com\\\/en\\\/polymers-division\\\/processes\\\/extrusion\\\/\"]}]},{\"@type\":\"ImageObject\",\"inLanguage\":\"en-US\",\"@id\":\"https:\\\/\\\/nurel.com\\\/en\\\/polymers-division\\\/processes\\\/extrusion\\\/#primaryimage\",\"url\":\"https:\\\/\\\/nurel.com\\\/wp-content\\\/uploads\\\/2021\\\/07\\\/cast_film_extrusion_process_es_0-1024x314.jpg\",\"contentUrl\":\"https:\\\/\\\/nurel.com\\\/wp-content\\\/uploads\\\/2021\\\/07\\\/cast_film_extrusion_process_es_0-1024x314.jpg\"},{\"@type\":\"BreadcrumbList\",\"@id\":\"https:\\\/\\\/nurel.com\\\/en\\\/polymers-division\\\/processes\\\/extrusion\\\/#breadcrumb\",\"itemListElement\":[{\"@type\":\"ListItem\",\"position\":1,\"name\":\"HOME\",\"item\":\"https:\\\/\\\/nurel.com\\\/en\\\/\"},{\"@type\":\"ListItem\",\"position\":2,\"name\":\"POLYMER DIVISION\",\"item\":\"https:\\\/\\\/nurel.com\\\/en\\\/polymers-division\\\/\"},{\"@type\":\"ListItem\",\"position\":3,\"name\":\"Processes\",\"item\":\"https:\\\/\\\/nurel.com\\\/en\\\/polymers-division\\\/processes\\\/\"},{\"@type\":\"ListItem\",\"position\":4,\"name\":\"Extrusion\"}]},{\"@type\":\"WebSite\",\"@id\":\"https:\\\/\\\/nurel.com\\\/en\\\/#website\",\"url\":\"https:\\\/\\\/nurel.com\\\/en\\\/\",\"name\":\"NUREL\",\"description\":\"Pasi\u00f3n por innovar, 50 a\u00f1os de experiencia en producci\u00f3n de fibra y pol\u00edmeros. Innovaci\u00f3n en poliamidas y biopol\u00edmeros con tecnolog\u00eda de \u00faltima generaci\u00f3n.\",\"publisher\":{\"@id\":\"https:\\\/\\\/nurel.com\\\/en\\\/#organization\"},\"potentialAction\":[{\"@type\":\"SearchAction\",\"target\":{\"@type\":\"EntryPoint\",\"urlTemplate\":\"https:\\\/\\\/nurel.com\\\/en\\\/?s={search_term_string}\"},\"query-input\":{\"@type\":\"PropertyValueSpecification\",\"valueRequired\":true,\"valueName\":\"search_term_string\"}}],\"inLanguage\":\"en-US\"},{\"@type\":\"Organization\",\"@id\":\"https:\\\/\\\/nurel.com\\\/en\\\/#organization\",\"name\":\"NUREL\",\"url\":\"https:\\\/\\\/nurel.com\\\/en\\\/\",\"logo\":{\"@type\":\"ImageObject\",\"inLanguage\":\"en-US\",\"@id\":\"https:\\\/\\\/nurel.com\\\/en\\\/#\\\/schema\\\/logo\\\/image\\\/\",\"url\":\"https:\\\/\\\/nurel.com\\\/wp-content\\\/uploads\\\/2021\\\/04\\\/nurel-logo.png\",\"contentUrl\":\"https:\\\/\\\/nurel.com\\\/wp-content\\\/uploads\\\/2021\\\/04\\\/nurel-logo.png\",\"width\":350,\"height\":120,\"caption\":\"NUREL\"},\"image\":{\"@id\":\"https:\\\/\\\/nurel.com\\\/en\\\/#\\\/schema\\\/logo\\\/image\\\/\"},\"sameAs\":[\"https:\\\/\\\/www.facebook.com\\\/nurelpolymers\",\"https:\\\/\\\/www.linkedin.com\\\/company\\\/nurel-company\\\/\",\"https:\\\/\\\/www.youtube.com\\\/channel\\\/UCZl9I2kX8l7CYtfI29bxmeg\"]}]}<\/script>\n<!-- \/ Yoast SEO plugin. -->","yoast_head_json":{"title":"Extrusion - NUREL","robots":{"index":"index","follow":"follow","max-snippet":"max-snippet:-1","max-image-preview":"max-image-preview:large","max-video-preview":"max-video-preview:-1"},"canonical":"https:\/\/nurel.com\/en\/polymers-division\/processes\/extrusion\/","og_locale":"en_US","og_type":"article","og_title":"Extrusion - NUREL","og_description":"Extrusion Need more information? Contact us Search","og_url":"https:\/\/nurel.com\/en\/polymers-division\/processes\/extrusion\/","og_site_name":"NUREL","article_publisher":"https:\/\/www.facebook.com\/nurelpolymers","article_modified_time":"2025-09-10T08:25:59+00:00","og_image":[{"width":2560,"height":785,"url":"https:\/\/nurel.com\/wp-content\/uploads\/2021\/07\/cast_film_extrusion_process_es_0-scaled.jpg","type":"image\/jpeg"}],"twitter_card":"summary_large_image","twitter_misc":{"Est. reading time":"1 minute"},"schema":{"@context":"https:\/\/schema.org","@graph":[{"@type":"WebPage","@id":"https:\/\/nurel.com\/en\/polymers-division\/processes\/extrusion\/","url":"https:\/\/nurel.com\/en\/polymers-division\/processes\/extrusion\/","name":"Extrusion - NUREL","isPartOf":{"@id":"https:\/\/nurel.com\/en\/#website"},"primaryImageOfPage":{"@id":"https:\/\/nurel.com\/en\/polymers-division\/processes\/extrusion\/#primaryimage"},"image":{"@id":"https:\/\/nurel.com\/en\/polymers-division\/processes\/extrusion\/#primaryimage"},"thumbnailUrl":"https:\/\/nurel.com\/wp-content\/uploads\/2021\/07\/cast_film_extrusion_process_es_0-1024x314.jpg","datePublished":"2023-05-18T10:30:52+00:00","dateModified":"2025-09-10T08:25:59+00:00","breadcrumb":{"@id":"https:\/\/nurel.com\/en\/polymers-division\/processes\/extrusion\/#breadcrumb"},"inLanguage":"en-US","potentialAction":[{"@type":"ReadAction","target":["https:\/\/nurel.com\/en\/polymers-division\/processes\/extrusion\/"]}]},{"@type":"ImageObject","inLanguage":"en-US","@id":"https:\/\/nurel.com\/en\/polymers-division\/processes\/extrusion\/#primaryimage","url":"https:\/\/nurel.com\/wp-content\/uploads\/2021\/07\/cast_film_extrusion_process_es_0-1024x314.jpg","contentUrl":"https:\/\/nurel.com\/wp-content\/uploads\/2021\/07\/cast_film_extrusion_process_es_0-1024x314.jpg"},{"@type":"BreadcrumbList","@id":"https:\/\/nurel.com\/en\/polymers-division\/processes\/extrusion\/#breadcrumb","itemListElement":[{"@type":"ListItem","position":1,"name":"HOME","item":"https:\/\/nurel.com\/en\/"},{"@type":"ListItem","position":2,"name":"POLYMER DIVISION","item":"https:\/\/nurel.com\/en\/polymers-division\/"},{"@type":"ListItem","position":3,"name":"Processes","item":"https:\/\/nurel.com\/en\/polymers-division\/processes\/"},{"@type":"ListItem","position":4,"name":"Extrusion"}]},{"@type":"WebSite","@id":"https:\/\/nurel.com\/en\/#website","url":"https:\/\/nurel.com\/en\/","name":"NUREL","description":"Pasi\u00f3n por innovar, 50 a\u00f1os de experiencia en producci\u00f3n de fibra y pol\u00edmeros. Innovaci\u00f3n en poliamidas y biopol\u00edmeros con tecnolog\u00eda de \u00faltima generaci\u00f3n.","publisher":{"@id":"https:\/\/nurel.com\/en\/#organization"},"potentialAction":[{"@type":"SearchAction","target":{"@type":"EntryPoint","urlTemplate":"https:\/\/nurel.com\/en\/?s={search_term_string}"},"query-input":{"@type":"PropertyValueSpecification","valueRequired":true,"valueName":"search_term_string"}}],"inLanguage":"en-US"},{"@type":"Organization","@id":"https:\/\/nurel.com\/en\/#organization","name":"NUREL","url":"https:\/\/nurel.com\/en\/","logo":{"@type":"ImageObject","inLanguage":"en-US","@id":"https:\/\/nurel.com\/en\/#\/schema\/logo\/image\/","url":"https:\/\/nurel.com\/wp-content\/uploads\/2021\/04\/nurel-logo.png","contentUrl":"https:\/\/nurel.com\/wp-content\/uploads\/2021\/04\/nurel-logo.png","width":350,"height":120,"caption":"NUREL"},"image":{"@id":"https:\/\/nurel.com\/en\/#\/schema\/logo\/image\/"},"sameAs":["https:\/\/www.facebook.com\/nurelpolymers","https:\/\/www.linkedin.com\/company\/nurel-company\/","https:\/\/www.youtube.com\/channel\/UCZl9I2kX8l7CYtfI29bxmeg"]}]}},"_links":{"self":[{"href":"https:\/\/nurel.com\/en\/wp-json\/wp\/v2\/pages\/51456","targetHints":{"allow":["GET"]}}],"collection":[{"href":"https:\/\/nurel.com\/en\/wp-json\/wp\/v2\/pages"}],"about":[{"href":"https:\/\/nurel.com\/en\/wp-json\/wp\/v2\/types\/page"}],"author":[{"embeddable":true,"href":"https:\/\/nurel.com\/en\/wp-json\/wp\/v2\/users\/1"}],"replies":[{"embeddable":true,"href":"https:\/\/nurel.com\/en\/wp-json\/wp\/v2\/comments?post=51456"}],"version-history":[{"count":0,"href":"https:\/\/nurel.com\/en\/wp-json\/wp\/v2\/pages\/51456\/revisions"}],"up":[{"embeddable":true,"href":"https:\/\/nurel.com\/en\/wp-json\/wp\/v2\/pages\/51565"}],"wp:attachment":[{"href":"https:\/\/nurel.com\/en\/wp-json\/wp\/v2\/media?parent=51456"}],"curies":[{"name":"wp","href":"https:\/\/api.w.org\/{rel}","templated":true}]}}