{"id":57793,"date":"2023-07-17T14:46:43","date_gmt":"2023-07-17T12:46:43","guid":{"rendered":"https:\/\/nurel.com\/home-2\/privacy-nurel\/"},"modified":"2023-10-31T10:30:07","modified_gmt":"2023-10-31T09:30:07","slug":"privacy-nurel","status":"publish","type":"page","link":"https:\/\/nurel.com\/en\/privacy-nurel\/","title":{"rendered":"Privacy | NUREL"},"content":{"rendered":"\t\t<div data-elementor-type=\"wp-post\" data-elementor-id=\"57793\" class=\"elementor elementor-57793 elementor-46248\" data-elementor-post-type=\"page\">\n\t\t\t\t\t\t<section class=\"elementor-section elementor-top-section elementor-element elementor-element-39dabc18 elementor-section-content-middle elementor-section-full_width elementor-section-height-default elementor-section-height-default\" data-id=\"39dabc18\" data-element_type=\"section\" data-e-type=\"section\" data-settings=\"{&quot;background_background&quot;:&quot;classic&quot;}\">\n\t\t\t\t\t\t\t<div class=\"elementor-background-overlay\"><\/div>\n\t\t\t\t\t\t\t<div class=\"elementor-container elementor-column-gap-no\">\n\t\t\t\t\t<div class=\"elementor-column elementor-col-100 elementor-top-column elementor-element elementor-element-dd36565\" data-id=\"dd36565\" data-element_type=\"column\" data-e-type=\"column\">\n\t\t\t<div class=\"elementor-widget-wrap elementor-element-populated\">\n\t\t\t\t\t\t<div class=\"elementor-element elementor-element-51ad458 elementor-hidden-desktop elementor-hidden-tablet elementor-hidden-phone elementor-widget-divider--view-line elementor-widget elementor-widget-divider\" data-id=\"51ad458\" data-element_type=\"widget\" data-e-type=\"widget\" data-widget_type=\"divider.default\">\n\t\t\t\t\t\t\t<div class=\"elementor-divider\">\n\t\t\t<span class=\"elementor-divider-separator\">\n\t\t\t\t\t\t<\/span>\n\t\t<\/div>\n\t\t\t\t\t\t<\/div>\n\t\t\t\t\t<\/div>\n\t\t<\/div>\n\t\t\t\t\t<\/div>\n\t\t<\/section>\n\t\t\t\t<section class=\"elementor-section elementor-top-section elementor-element elementor-element-533eb3b elementor-section-content-middle elementor-section-full_width elementor-section-stretched elementor-section-height-default elementor-section-height-default\" data-id=\"533eb3b\" data-element_type=\"section\" data-e-type=\"section\" data-settings=\"{&quot;background_background&quot;:&quot;classic&quot;,&quot;stretch_section&quot;:&quot;section-stretched&quot;}\">\n\t\t\t\t\t\t\t<div class=\"elementor-background-overlay\"><\/div>\n\t\t\t\t\t\t\t<div class=\"elementor-container elementor-column-gap-no\">\n\t\t\t\t\t<div class=\"elementor-column elementor-col-100 elementor-top-column elementor-element elementor-element-308a0ed\" data-id=\"308a0ed\" data-element_type=\"column\" data-e-type=\"column\">\n\t\t\t<div class=\"elementor-widget-wrap elementor-element-populated\">\n\t\t\t\t\t\t<div class=\"elementor-element elementor-element-3977c6b uael-nav-menu__align-center uael-nav-menu-toggle-label-yes uael-nav-menu-label-align-left submenu-especifico uael-submenu-open-hover uael-submenu-icon-arrow uael-submenu-animation-none uael-link-redirect-child uael-nav-menu__breakpoint-tablet elementor-widget elementor-widget-uael-nav-menu\" data-id=\"3977c6b\" data-element_type=\"widget\" data-e-type=\"widget\" data-settings=\"{&quot;distance_from_menu&quot;:{&quot;unit&quot;:&quot;px&quot;,&quot;size&quot;:&quot;&quot;,&quot;sizes&quot;:[]},&quot;distance_from_menu_tablet&quot;:{&quot;unit&quot;:&quot;px&quot;,&quot;size&quot;:&quot;&quot;,&quot;sizes&quot;:[]},&quot;distance_from_menu_mobile&quot;:{&quot;unit&quot;:&quot;px&quot;,&quot;size&quot;:&quot;&quot;,&quot;sizes&quot;:[]}}\" data-widget_type=\"uael-nav-menu.default\">\n\t\t\t\t<div class=\"elementor-widget-container\">\n\t\t\t\t\t\t\t<div class=\"uael-nav-menu uael-layout-horizontal uael-nav-menu-layout uael-pointer__none\" data-layout=\"horizontal\">\n\t\t\t\t<div role=\"button\" class=\"uael-nav-menu__toggle elementor-clickable\">\n\t\t\t\t\t<span class=\"screen-reader-text\">Main Menu<\/span>\n\t\t\t\t\t<div class=\"uael-nav-menu-icon\">\n\t\t\t\t\t\t<svg aria-hidden=\"true\" class=\"e-font-icon-svg e-fas-caret-down\" viewBox=\"0 0 320 512\" xmlns=\"http:\/\/www.w3.org\/2000\/svg\"><path d=\"M31.3 192h257.3c17.8 0 26.7 21.5 14.1 34.1L174.1 354.8c-7.8 7.8-20.5 7.8-28.3 0L17.2 226.1C4.6 213.5 13.5 192 31.3 192z\"><\/path><\/svg>\t\t\t\t\t<\/div>\n\t\t\t\t\t\t\t\t\t\t\t<span class=\"uael-nav-menu-label\">NEWS<\/span>\n\t\t\t\t\t\t\t\t\t<\/div>\n\t\t\t\t\t\t\t<nav class=\"uael-nav-menu__layout-horizontal uael-nav-menu__submenu-arrow\" data-toggle-icon=\"&lt;svg aria-hidden=&quot;true&quot; class=&quot;e-font-icon-svg e-fas-caret-down&quot; viewBox=&quot;0 0 320 512&quot; xmlns=&quot;http:\/\/www.w3.org\/2000\/svg&quot;&gt;&lt;path d=&quot;M31.3 192h257.3c17.8 0 26.7 21.5 14.1 34.1L174.1 354.8c-7.8 7.8-20.5 7.8-28.3 0L17.2 226.1C4.6 213.5 13.5 192 31.3 192z&quot;&gt;&lt;\/path&gt;&lt;\/svg&gt;\" data-close-icon=\"&lt;svg aria-hidden=&quot;true&quot; class=&quot;e-font-icon-svg e-far-window-close&quot; viewBox=&quot;0 0 512 512&quot; xmlns=&quot;http:\/\/www.w3.org\/2000\/svg&quot;&gt;&lt;path d=&quot;M464 32H48C21.5 32 0 53.5 0 80v352c0 26.5 21.5 48 48 48h416c26.5 0 48-21.5 48-48V80c0-26.5-21.5-48-48-48zm0 394c0 3.3-2.7 6-6 6H54c-3.3 0-6-2.7-6-6V86c0-3.3 2.7-6 6-6h404c3.3 0 6 2.7 6 6v340zM356.5 194.6L295.1 256l61.4 61.4c4.6 4.6 4.6 12.1 0 16.8l-22.3 22.3c-4.6 4.6-12.1 4.6-16.8 0L256 295.1l-61.4 61.4c-4.6 4.6-12.1 4.6-16.8 0l-22.3-22.3c-4.6-4.6-4.6-12.1 0-16.8l61.4-61.4-61.4-61.4c-4.6-4.6-4.6-12.1 0-16.8l22.3-22.3c4.6-4.6 12.1-4.6 16.8 0l61.4 61.4 61.4-61.4c4.6-4.6 12.1-4.6 16.8 0l22.3 22.3c4.7 4.6 4.7 12.1 0 16.8z&quot;&gt;&lt;\/path&gt;&lt;\/svg&gt;\" data-full-width=\"\"><ul id=\"menu-1-3977c6b\" class=\"uael-nav-menu\"><li id=\"menu-item-57816\" class=\"menu-item menu-item-type-post_type menu-item-object-page parent uael-creative-menu\"><a href=\"https:\/\/nurel.com\/en\/privacy-nurel\/\" class = \"uael-menu-item\">Privacy<\/a><\/li>\n<li id=\"menu-item-68373\" class=\"menu-item menu-item-type-post_type menu-item-object-page parent uael-creative-menu\"><a href=\"https:\/\/nurel.com\/en\/general-sales-conditions\/\" class = \"uael-menu-item\">General terms of use<\/a><\/li>\n<li id=\"menu-item-57815\" class=\"menu-item menu-item-type-post_type menu-item-object-page parent uael-creative-menu\"><a href=\"https:\/\/nurel.com\/en\/general-sales-conditions\/\" class = \"uael-menu-item\">General Sale Terms and Conditions<\/a><\/li>\n<li id=\"menu-item-57814\" class=\"menu-item menu-item-type-post_type menu-item-object-page parent uael-creative-menu\"><a href=\"https:\/\/nurel.com\/en\/terms-of-purchase\/\" class = \"uael-menu-item\">Terms of Purchase<\/a><\/li>\n<li id=\"menu-item-57812\" class=\"menu-item menu-item-type-post_type menu-item-object-page parent uael-creative-menu\"><a href=\"https:\/\/nurel.com\/en\/cookies-policy-nurel\/\" class = \"uael-menu-item\">Cookies Policy<\/a><\/li>\n<\/ul><\/nav>\n\t\t\t\t\t<\/div>\n\t\t\t\t\t\t\t<\/div>\n\t\t\t\t<\/div>\n\t\t\t\t\t<\/div>\n\t\t<\/div>\n\t\t\t\t\t<\/div>\n\t\t<\/section>\n\t\t\t\t<section class=\"elementor-section elementor-top-section elementor-element elementor-element-7c5d79a elementor-section-content-middle elementor-section-full_width elementor-section-height-default elementor-section-height-default\" data-id=\"7c5d79a\" data-element_type=\"section\" data-e-type=\"section\">\n\t\t\t\t\t\t<div class=\"elementor-container elementor-column-gap-wide\">\n\t\t\t\t\t<div class=\"elementor-column elementor-col-100 elementor-top-column elementor-element elementor-element-a5dfcff mercadosMain\" data-id=\"a5dfcff\" data-element_type=\"column\" data-e-type=\"column\">\n\t\t\t<div class=\"elementor-widget-wrap elementor-element-populated\">\n\t\t\t\t\t\t<div class=\"elementor-element elementor-element-7439dd5 tituloMercado elementor-widget elementor-widget-image-box\" data-id=\"7439dd5\" data-element_type=\"widget\" data-e-type=\"widget\" data-widget_type=\"image-box.default\">\n\t\t\t\t\t<div class=\"elementor-image-box-wrapper\"><div class=\"elementor-image-box-content\"><h1 class=\"elementor-image-box-title\">Intellectual property and privacy<\/h1><p class=\"elementor-image-box-description\">&lt;!--<H2>50 A\u00d1OS DE EXPERIENCIA EN LA PRODUCCI\u00d3N DE POL\u00cdMEROS<\/H2>--&gt;<\/p><\/div><\/div>\t\t\t\t<\/div>\n\t\t\t\t\t<\/div>\n\t\t<\/div>\n\t\t\t\t\t<\/div>\n\t\t<\/section>\n\t\t\t\t<section class=\"elementor-section elementor-top-section elementor-element elementor-element-a0bb0b3 elementor-section-full_width elementor-section-height-default elementor-section-height-default\" data-id=\"a0bb0b3\" data-element_type=\"section\" data-e-type=\"section\">\n\t\t\t\t\t\t<div class=\"elementor-container elementor-column-gap-wider\">\n\t\t\t\t\t<div class=\"elementor-column elementor-col-100 elementor-top-column elementor-element elementor-element-4d30dd7\" data-id=\"4d30dd7\" data-element_type=\"column\" data-e-type=\"column\" data-settings=\"{&quot;background_background&quot;:&quot;classic&quot;}\">\n\t\t\t<div class=\"elementor-widget-wrap elementor-element-populated\">\n\t\t\t\t\t\t<div class=\"elementor-element elementor-element-6b60724f legales-polimeros-titulo elementor-widget elementor-widget-heading\" data-id=\"6b60724f\" data-element_type=\"widget\" data-e-type=\"widget\" data-widget_type=\"heading.default\">\n\t\t\t\t\t<h2 class=\"elementor-heading-title elementor-size-default\">Intellectual Property<\/h2>\t\t\t\t<\/div>\n\t\t\t\t<div class=\"elementor-element elementor-element-8dd1fbf legales-polimeros elementor-widget elementor-widget-text-editor\" data-id=\"8dd1fbf\" data-element_type=\"widget\" data-e-type=\"widget\" data-widget_type=\"text-editor.default\">\n\t\t\t\t\t\t\t\t\t<p>All information and material published on this website are subject to copyright owned by NUREL, SA. Any reproduction, retransmission, publication or other use of all or part of any document found on this site is expressly prohibited unless prior written permission has been granted. NUREL, SA The names, logos and\/or trademarks of NUREL, SA appearing on this site may not be used in any advertising, publicity, promotion or in any other manner that implies endorsement, sponsorship or affiliation with NUREL, SA any product or service, without prior express written permission from NUREL, SA.<\/p>\n\t\t\t\t\t\t\t\t<\/div>\n\t\t\t\t\t<\/div>\n\t\t<\/div>\n\t\t\t\t\t<\/div>\n\t\t<\/section>\n\t\t\t\t<section class=\"elementor-section elementor-top-section elementor-element elementor-element-fa78f47 elementor-section-full_width elementor-section-height-default elementor-section-height-default\" data-id=\"fa78f47\" data-element_type=\"section\" data-e-type=\"section\">\n\t\t\t\t\t\t<div class=\"elementor-container elementor-column-gap-wider\">\n\t\t\t\t\t<div class=\"elementor-column elementor-col-100 elementor-top-column elementor-element elementor-element-80d0f43\" data-id=\"80d0f43\" data-element_type=\"column\" data-e-type=\"column\" data-settings=\"{&quot;background_background&quot;:&quot;classic&quot;}\">\n\t\t\t<div class=\"elementor-widget-wrap elementor-element-populated\">\n\t\t\t\t\t\t<div class=\"elementor-element elementor-element-2c3f20a legales-polimeros-titulo elementor-widget elementor-widget-heading\" data-id=\"2c3f20a\" data-element_type=\"widget\" data-e-type=\"widget\" data-widget_type=\"heading.default\">\n\t\t\t\t\t<h2 class=\"elementor-heading-title elementor-size-default\">Privacy Statement<\/h2>\t\t\t\t<\/div>\n\t\t\t\t<div class=\"elementor-element elementor-element-f6f9fcb legales-polimeros elementor-widget elementor-widget-text-editor\" data-id=\"f6f9fcb\" data-element_type=\"widget\" data-e-type=\"widget\" data-widget_type=\"text-editor.default\">\n\t\t\t\t\t\t\t\t\t<p>In accordance with LOPD 15\/1999 and LSSI-CE 34\/2002, the recipient of this email is INFORMED that the personal data provided by the recipient himself, including his email address, are necessary for the formalization, administrative processing and \/ or execution and development of the dissemination of the activities of NUREL, SA, will be incorporated into automatic files whose ownership and responsibility belong to NUREL, SA. By providing his\/her personal data and e-mail address to NUREL, SA, the interested party expressly AUTHORIZES the use of such data for periodic communications, by e-mail or other means, from NUREL, SA to its customers and other interested parties, informing them of actions \/ news and any other offer of services and products related to its professional activity. Any person whose personal data are processed may exercise their rights to challenge, access, rectify and delete their data by sending an e-mail to the following address: nurel.comercial@samca.com, requesting (i) access to your personal data incorporated in the automatic files of NUREL, SA, and \/ or its rectification, providing NUREL, SA with the correct personal data or (ii) canceling the authorization for communications for the period. In case of rectification or cancellation, NUREL, S.A. will notify the effective rectification or cancellation of the personal data.<\/p>\n\t\t\t\t\t\t\t\t<\/div>\n\t\t\t\t\t<\/div>\n\t\t<\/div>\n\t\t\t\t\t<\/div>\n\t\t<\/section>\n\t\t\t\t<\/div>\n\t\t","protected":false},"excerpt":{"rendered":"<p>We have been part of the SAMCA group since 1999 and have 50 years of experience in the production of polymers, recycled polyamide, polyamide compounds and PBT and PBT\/PET compounds.<\/p>\n","protected":false},"author":3,"featured_media":3152,"parent":0,"menu_order":0,"comment_status":"closed","ping_status":"closed","template":"","meta":{"site-sidebar-layout":"no-sidebar","site-content-layout":"page-builder","ast-site-content-layout":"full-width-container","site-content-style":"unboxed","site-sidebar-style":"unboxed","ast-global-header-display":"","ast-banner-title-visibility":"","ast-main-header-display":"","ast-hfb-above-header-display":"","ast-hfb-below-header-display":"","ast-hfb-mobile-header-display":"","site-post-title":"disabled","ast-breadcrumbs-content":"","ast-featured-img":"disabled","footer-sml-layout":"","ast-disable-related-posts":"","theme-transparent-header-meta":"enabled","adv-header-id-meta":"","stick-header-meta":"","header-above-stick-meta":"","header-main-stick-meta":"","header-below-stick-meta":"","astra-migrate-meta-layouts":"set","ast-page-background-enabled":"default","ast-page-background-meta":{"desktop":{"background-color":"","background-image":"","background-repeat":"repeat","background-position":"center center","background-size":"auto","background-attachment":"scroll","background-type":"","background-media":"","overlay-type":"","overlay-color":"","overlay-opacity":"","overlay-gradient":""},"tablet":{"background-color":"","background-image":"","background-repeat":"repeat","background-position":"center center","background-size":"auto","background-attachment":"scroll","background-type":"","background-media":"","overlay-type":"","overlay-color":"","overlay-opacity":"","overlay-gradient":""},"mobile":{"background-color":"","background-image":"","background-repeat":"repeat","background-position":"center center","background-size":"auto","background-attachment":"scroll","background-type":"","background-media":"","overlay-type":"","overlay-color":"","overlay-opacity":"","overlay-gradient":""}},"ast-content-background-meta":{"desktop":{"background-color":"var(--ast-global-color-5)","background-image":"","background-repeat":"repeat","background-position":"center center","background-size":"auto","background-attachment":"scroll","background-type":"","background-media":"","overlay-type":"","overlay-color":"","overlay-opacity":"","overlay-gradient":""},"tablet":{"background-color":"var(--ast-global-color-5)","background-image":"","background-repeat":"repeat","background-position":"center center","background-size":"auto","background-attachment":"scroll","background-type":"","background-media":"","overlay-type":"","overlay-color":"","overlay-opacity":"","overlay-gradient":""},"mobile":{"background-color":"var(--ast-global-color-5)","background-image":"","background-repeat":"repeat","background-position":"center center","background-size":"auto","background-attachment":"scroll","background-type":"","background-media":"","overlay-type":"","overlay-color":"","overlay-opacity":"","overlay-gradient":""}},"footnotes":""},"class_list":["post-57793","page","type-page","status-publish","has-post-thumbnail","hentry"],"yoast_head":"<!-- This site is optimized with the Yoast SEO plugin v27.3 - https:\/\/yoast.com\/product\/yoast-seo-wordpress\/ -->\n<title>Privacy | NUREL - NUREL<\/title>\n<meta name=\"description\" content=\"NUREL SA Privacy Policy.\" \/>\n<meta name=\"robots\" content=\"noindex, nofollow\" \/>\n<meta property=\"og:locale\" content=\"en_US\" \/>\n<meta property=\"og:type\" content=\"article\" \/>\n<meta property=\"og:title\" content=\"Privacy | NUREL - NUREL\" \/>\n<meta property=\"og:description\" content=\"NUREL SA Privacy Policy.\" \/>\n<meta property=\"og:url\" content=\"https:\/\/nurel.com\/en\/privacy-nurel\/\" \/>\n<meta property=\"og:site_name\" content=\"NUREL\" \/>\n<meta property=\"article:publisher\" content=\"https:\/\/www.facebook.com\/nurelpolymers\" \/>\n<meta property=\"article:modified_time\" content=\"2023-10-31T09:30:07+00:00\" \/>\n<meta property=\"og:image\" content=\"https:\/\/nurel.com\/wp-content\/uploads\/2021\/07\/banner_company.jpg\" \/>\n\t<meta property=\"og:image:width\" content=\"1363\" \/>\n\t<meta property=\"og:image:height\" content=\"312\" \/>\n\t<meta property=\"og:image:type\" content=\"image\/jpeg\" \/>\n<meta name=\"twitter:card\" content=\"summary_large_image\" \/>\n<meta name=\"twitter:label1\" content=\"Est. reading time\" \/>\n\t<meta name=\"twitter:data1\" content=\"2 minutes\" \/>\n<script type=\"application\/ld+json\" class=\"yoast-schema-graph\">{\"@context\":\"https:\\\/\\\/schema.org\",\"@graph\":[{\"@type\":\"WebPage\",\"@id\":\"https:\\\/\\\/nurel.com\\\/en\\\/privacy-nurel\\\/\",\"url\":\"https:\\\/\\\/nurel.com\\\/en\\\/privacy-nurel\\\/\",\"name\":\"Privacy | NUREL - NUREL\",\"isPartOf\":{\"@id\":\"https:\\\/\\\/nurel.com\\\/en\\\/#website\"},\"primaryImageOfPage\":{\"@id\":\"https:\\\/\\\/nurel.com\\\/en\\\/privacy-nurel\\\/#primaryimage\"},\"image\":{\"@id\":\"https:\\\/\\\/nurel.com\\\/en\\\/privacy-nurel\\\/#primaryimage\"},\"thumbnailUrl\":\"https:\\\/\\\/nurel.com\\\/wp-content\\\/uploads\\\/2021\\\/07\\\/banner_company.jpg\",\"datePublished\":\"2023-07-17T12:46:43+00:00\",\"dateModified\":\"2023-10-31T09:30:07+00:00\",\"description\":\"NUREL SA Privacy Policy.\",\"breadcrumb\":{\"@id\":\"https:\\\/\\\/nurel.com\\\/en\\\/privacy-nurel\\\/#breadcrumb\"},\"inLanguage\":\"en-US\",\"potentialAction\":[{\"@type\":\"ReadAction\",\"target\":[\"https:\\\/\\\/nurel.com\\\/en\\\/privacy-nurel\\\/\"]}]},{\"@type\":\"ImageObject\",\"inLanguage\":\"en-US\",\"@id\":\"https:\\\/\\\/nurel.com\\\/en\\\/privacy-nurel\\\/#primaryimage\",\"url\":\"https:\\\/\\\/nurel.com\\\/wp-content\\\/uploads\\\/2021\\\/07\\\/banner_company.jpg\",\"contentUrl\":\"https:\\\/\\\/nurel.com\\\/wp-content\\\/uploads\\\/2021\\\/07\\\/banner_company.jpg\",\"width\":1363,\"height\":312,\"caption\":\"NUREL polymerization polymers in Spain\"},{\"@type\":\"BreadcrumbList\",\"@id\":\"https:\\\/\\\/nurel.com\\\/en\\\/privacy-nurel\\\/#breadcrumb\",\"itemListElement\":[{\"@type\":\"ListItem\",\"position\":1,\"name\":\"HOME\",\"item\":\"https:\\\/\\\/nurel.com\\\/en\\\/\"},{\"@type\":\"ListItem\",\"position\":2,\"name\":\"Privacy | NUREL\"}]},{\"@type\":\"WebSite\",\"@id\":\"https:\\\/\\\/nurel.com\\\/en\\\/#website\",\"url\":\"https:\\\/\\\/nurel.com\\\/en\\\/\",\"name\":\"NUREL\",\"description\":\"Pasi\u00f3n por innovar, 50 a\u00f1os de experiencia en producci\u00f3n de fibra y pol\u00edmeros. Innovaci\u00f3n en poliamidas y biopol\u00edmeros con tecnolog\u00eda de \u00faltima generaci\u00f3n.\",\"publisher\":{\"@id\":\"https:\\\/\\\/nurel.com\\\/en\\\/#organization\"},\"potentialAction\":[{\"@type\":\"SearchAction\",\"target\":{\"@type\":\"EntryPoint\",\"urlTemplate\":\"https:\\\/\\\/nurel.com\\\/en\\\/?s={search_term_string}\"},\"query-input\":{\"@type\":\"PropertyValueSpecification\",\"valueRequired\":true,\"valueName\":\"search_term_string\"}}],\"inLanguage\":\"en-US\"},{\"@type\":\"Organization\",\"@id\":\"https:\\\/\\\/nurel.com\\\/en\\\/#organization\",\"name\":\"NUREL\",\"url\":\"https:\\\/\\\/nurel.com\\\/en\\\/\",\"logo\":{\"@type\":\"ImageObject\",\"inLanguage\":\"en-US\",\"@id\":\"https:\\\/\\\/nurel.com\\\/en\\\/#\\\/schema\\\/logo\\\/image\\\/\",\"url\":\"https:\\\/\\\/nurel.com\\\/wp-content\\\/uploads\\\/2021\\\/04\\\/nurel-logo.png\",\"contentUrl\":\"https:\\\/\\\/nurel.com\\\/wp-content\\\/uploads\\\/2021\\\/04\\\/nurel-logo.png\",\"width\":350,\"height\":120,\"caption\":\"NUREL\"},\"image\":{\"@id\":\"https:\\\/\\\/nurel.com\\\/en\\\/#\\\/schema\\\/logo\\\/image\\\/\"},\"sameAs\":[\"https:\\\/\\\/www.facebook.com\\\/nurelpolymers\",\"https:\\\/\\\/www.linkedin.com\\\/company\\\/nurel-company\\\/\",\"https:\\\/\\\/www.youtube.com\\\/channel\\\/UCZl9I2kX8l7CYtfI29bxmeg\"]}]}<\/script>\n<!-- \/ Yoast SEO plugin. -->","yoast_head_json":{"title":"Privacy | NUREL - NUREL","description":"NUREL SA Privacy Policy.","robots":{"index":"noindex","follow":"nofollow"},"og_locale":"en_US","og_type":"article","og_title":"Privacy | NUREL - NUREL","og_description":"NUREL SA Privacy Policy.","og_url":"https:\/\/nurel.com\/en\/privacy-nurel\/","og_site_name":"NUREL","article_publisher":"https:\/\/www.facebook.com\/nurelpolymers","article_modified_time":"2023-10-31T09:30:07+00:00","og_image":[{"width":1363,"height":312,"url":"https:\/\/nurel.com\/wp-content\/uploads\/2021\/07\/banner_company.jpg","type":"image\/jpeg"}],"twitter_card":"summary_large_image","twitter_misc":{"Est. reading time":"2 minutes"},"schema":{"@context":"https:\/\/schema.org","@graph":[{"@type":"WebPage","@id":"https:\/\/nurel.com\/en\/privacy-nurel\/","url":"https:\/\/nurel.com\/en\/privacy-nurel\/","name":"Privacy | NUREL - NUREL","isPartOf":{"@id":"https:\/\/nurel.com\/en\/#website"},"primaryImageOfPage":{"@id":"https:\/\/nurel.com\/en\/privacy-nurel\/#primaryimage"},"image":{"@id":"https:\/\/nurel.com\/en\/privacy-nurel\/#primaryimage"},"thumbnailUrl":"https:\/\/nurel.com\/wp-content\/uploads\/2021\/07\/banner_company.jpg","datePublished":"2023-07-17T12:46:43+00:00","dateModified":"2023-10-31T09:30:07+00:00","description":"NUREL SA Privacy Policy.","breadcrumb":{"@id":"https:\/\/nurel.com\/en\/privacy-nurel\/#breadcrumb"},"inLanguage":"en-US","potentialAction":[{"@type":"ReadAction","target":["https:\/\/nurel.com\/en\/privacy-nurel\/"]}]},{"@type":"ImageObject","inLanguage":"en-US","@id":"https:\/\/nurel.com\/en\/privacy-nurel\/#primaryimage","url":"https:\/\/nurel.com\/wp-content\/uploads\/2021\/07\/banner_company.jpg","contentUrl":"https:\/\/nurel.com\/wp-content\/uploads\/2021\/07\/banner_company.jpg","width":1363,"height":312,"caption":"NUREL polymerization polymers in Spain"},{"@type":"BreadcrumbList","@id":"https:\/\/nurel.com\/en\/privacy-nurel\/#breadcrumb","itemListElement":[{"@type":"ListItem","position":1,"name":"HOME","item":"https:\/\/nurel.com\/en\/"},{"@type":"ListItem","position":2,"name":"Privacy | NUREL"}]},{"@type":"WebSite","@id":"https:\/\/nurel.com\/en\/#website","url":"https:\/\/nurel.com\/en\/","name":"NUREL","description":"Pasi\u00f3n por innovar, 50 a\u00f1os de experiencia en producci\u00f3n de fibra y pol\u00edmeros. Innovaci\u00f3n en poliamidas y biopol\u00edmeros con tecnolog\u00eda de \u00faltima generaci\u00f3n.","publisher":{"@id":"https:\/\/nurel.com\/en\/#organization"},"potentialAction":[{"@type":"SearchAction","target":{"@type":"EntryPoint","urlTemplate":"https:\/\/nurel.com\/en\/?s={search_term_string}"},"query-input":{"@type":"PropertyValueSpecification","valueRequired":true,"valueName":"search_term_string"}}],"inLanguage":"en-US"},{"@type":"Organization","@id":"https:\/\/nurel.com\/en\/#organization","name":"NUREL","url":"https:\/\/nurel.com\/en\/","logo":{"@type":"ImageObject","inLanguage":"en-US","@id":"https:\/\/nurel.com\/en\/#\/schema\/logo\/image\/","url":"https:\/\/nurel.com\/wp-content\/uploads\/2021\/04\/nurel-logo.png","contentUrl":"https:\/\/nurel.com\/wp-content\/uploads\/2021\/04\/nurel-logo.png","width":350,"height":120,"caption":"NUREL"},"image":{"@id":"https:\/\/nurel.com\/en\/#\/schema\/logo\/image\/"},"sameAs":["https:\/\/www.facebook.com\/nurelpolymers","https:\/\/www.linkedin.com\/company\/nurel-company\/","https:\/\/www.youtube.com\/channel\/UCZl9I2kX8l7CYtfI29bxmeg"]}]}},"_links":{"self":[{"href":"https:\/\/nurel.com\/en\/wp-json\/wp\/v2\/pages\/57793","targetHints":{"allow":["GET"]}}],"collection":[{"href":"https:\/\/nurel.com\/en\/wp-json\/wp\/v2\/pages"}],"about":[{"href":"https:\/\/nurel.com\/en\/wp-json\/wp\/v2\/types\/page"}],"author":[{"embeddable":true,"href":"https:\/\/nurel.com\/en\/wp-json\/wp\/v2\/users\/3"}],"replies":[{"embeddable":true,"href":"https:\/\/nurel.com\/en\/wp-json\/wp\/v2\/comments?post=57793"}],"version-history":[{"count":0,"href":"https:\/\/nurel.com\/en\/wp-json\/wp\/v2\/pages\/57793\/revisions"}],"wp:featuredmedia":[{"embeddable":true,"href":"https:\/\/nurel.com\/en\/wp-json\/wp\/v2\/media\/3152"}],"wp:attachment":[{"href":"https:\/\/nurel.com\/en\/wp-json\/wp\/v2\/media?parent=57793"}],"curies":[{"name":"wp","href":"https:\/\/api.w.org\/{rel}","templated":true}]}}